{"id":853,"date":"2025-02-08T00:49:56","date_gmt":"2025-02-08T00:49:56","guid":{"rendered":"https:\/\/letshelpukraine.ch\/?page_id=853"},"modified":"2025-02-08T01:14:42","modified_gmt":"2025-02-08T01:14:42","slug":"terms-conditions","status":"publish","type":"page","link":"https:\/\/letshelpukraine.ch\/pt\/terms-conditions\/","title":{"rendered":"Terms &amp; Conditions"},"content":{"rendered":"<div data-elementor-type=\"wp-page\" data-elementor-id=\"853\" class=\"elementor elementor-853\" data-elementor-post-type=\"page\">\n\t\t\t\t\t\t<section class=\"elementor-section elementor-top-section elementor-element elementor-element-156e58c elementor-section-boxed elementor-section-height-default elementor-section-height-default wpr-particle-no wpr-jarallax-no wpr-parallax-no wpr-sticky-section-no\" data-id=\"156e58c\" data-element_type=\"section\" data-settings=\"{&quot;background_background&quot;:&quot;classic&quot;}\">\n\t\t\t\t\t\t<div class=\"elementor-container elementor-column-gap-default\">\n\t\t\t\t\t<div class=\"elementor-column elementor-col-100 elementor-top-column elementor-element elementor-element-f5810\" data-id=\"f5810\" data-element_type=\"column\">\n\t\t\t<div class=\"elementor-widget-wrap elementor-element-populated\">\n\t\t\t\t\t\t<div class=\"elementor-element elementor-element-a378358 elementor-widget-divider--view-line_text elementor-widget-divider--element-align-center elementor-widget elementor-widget-divider\" data-id=\"a378358\" data-element_type=\"widget\" data-widget_type=\"divider.default\">\n\t\t\t\t<div class=\"elementor-widget-container\">\n\t\t\t\t\t\t\t<div class=\"elementor-divider\">\n\t\t\t<span class=\"elementor-divider-separator\">\n\t\t\t\t\t\t\t<span class=\"elementor-divider__text elementor-divider__element\">\n\t\t\t\tTermos e Condi\u00e7\u00f5es\t\t\t\t<\/span>\n\t\t\t\t\t\t<\/span>\n\t\t<\/div>\n\t\t\t\t\t\t<\/div>\n\t\t\t\t<\/div>\n\t\t\t\t\t<\/div>\n\t\t<\/div>\n\t\t\t\t\t<\/div>\n\t\t<\/section>\n\t\t\t\t<section class=\"elementor-section elementor-top-section elementor-element elementor-element-755a563e elementor-section-boxed elementor-section-height-default elementor-section-height-default wpr-particle-no wpr-jarallax-no wpr-parallax-no wpr-sticky-section-no\" data-id=\"755a563e\" data-element_type=\"section\">\n\t\t\t\t\t\t<div class=\"elementor-container elementor-column-gap-default\">\n\t\t\t\t\t<div class=\"elementor-column elementor-col-100 elementor-top-column elementor-element elementor-element-3371ec2e\" data-id=\"3371ec2e\" data-element_type=\"column\">\n\t\t\t<div class=\"elementor-widget-wrap elementor-element-populated\">\n\t\t\t\t\t<div class=\"elementor-background-overlay\"><\/div>\n\t\t\t\t\t\t<div class=\"elementor-element elementor-element-6b7b879f elementor-widget elementor-widget-heading\" data-id=\"6b7b879f\" data-element_type=\"widget\" data-widget_type=\"heading.default\">\n\t\t\t\t<div class=\"elementor-widget-container\">\n\t\t\t\t\t<h2 class=\"elementor-heading-title elementor-size-default\">1. Introdu\u00e7\u00e3o<\/h2>\t\t\t\t<\/div>\n\t\t\t\t<\/div>\n\t\t\t\t<div class=\"elementor-element elementor-element-61e4709b elementor-widget elementor-widget-heading\" data-id=\"61e4709b\" data-element_type=\"widget\" data-widget_type=\"heading.default\">\n\t\t\t\t<div class=\"elementor-widget-container\">\n\t\t\t\t\t<h2 class=\"elementor-heading-title elementor-size-default\">Bem-vindo ao site da Let's Help Ukraine (\u201cn\u00f3s\u201d, \u201cnosso\u201d, \u201ca organiza\u00e7\u00e3o\u201d). Estes Termos e Condi\u00e7\u00f5es de Uso (\u201cTermos\u201d) regem o acesso e uso deste site (\u201cSite\u201d) e de todos os servi\u00e7os oferecidos nele.<br><br>\nAo acessar e utilizar este Site, voc\u00ea (\u201cUsu\u00e1rio\u201d, \u201cvoc\u00ea\u201d) concorda integralmente com estes Termos. Caso n\u00e3o concorde com qualquer parte dos Termos, voc\u00ea deve interromper o uso do Site imediatamente.<\/h2>\t\t\t\t<\/div>\n\t\t\t\t<\/div>\n\t\t\t\t<div class=\"elementor-element elementor-element-7797a14c elementor-widget elementor-widget-heading\" data-id=\"7797a14c\" data-element_type=\"widget\" data-widget_type=\"heading.default\">\n\t\t\t\t<div class=\"elementor-widget-container\">\n\t\t\t\t\t<h2 class=\"elementor-heading-title elementor-size-default\">2. Objetivo do Site<\/h2>\t\t\t\t<\/div>\n\t\t\t\t<\/div>\n\t\t\t\t<div class=\"elementor-element elementor-element-32dc52cf elementor-widget elementor-widget-heading\" data-id=\"32dc52cf\" data-element_type=\"widget\" data-widget_type=\"heading.default\">\n\t\t\t\t<div class=\"elementor-widget-container\">\n\t\t\t\t\t<h2 class=\"elementor-heading-title elementor-size-default\">Este Site tem como finalidade:<br>\n\u2705 Divulgar informa\u00e7\u00f5es sobre as atividades da Let's Help Ukraine;<br>\n\u2705 Facilitar a arrecada\u00e7\u00e3o de doa\u00e7\u00f5es financeiras e materiais para a\u00e7\u00f5es humanit\u00e1rias;<br>\n\u2705 Disponibilizar um canal de comunica\u00e7\u00e3o para interessados em colaborar ou obter mais informa\u00e7\u00f5es sobre a organiza\u00e7\u00e3o.<\/h2>\t\t\t\t<\/div>\n\t\t\t\t<\/div>\n\t\t\t\t<div class=\"elementor-element elementor-element-124dda5c elementor-widget elementor-widget-heading\" data-id=\"124dda5c\" data-element_type=\"widget\" data-widget_type=\"heading.default\">\n\t\t\t\t<div class=\"elementor-widget-container\">\n\t\t\t\t\t<h2 class=\"elementor-heading-title elementor-size-default\">3. Condi\u00e7\u00f5es de Uso do Site<\/h2>\t\t\t\t<\/div>\n\t\t\t\t<\/div>\n\t\t\t\t<div class=\"elementor-element elementor-element-2a9d1774 elementor-widget elementor-widget-heading\" data-id=\"2a9d1774\" data-element_type=\"widget\" data-widget_type=\"heading.default\">\n\t\t\t\t<div class=\"elementor-widget-container\">\n\t\t\t\t\t<h2 class=\"elementor-heading-title elementor-size-default\">Ao utilizar este Site, o Usu\u00e1rio declara e garante que:<br>\n\u2714 Possui capacidade legal para aceitar estes Termos e cumprir todas as disposi\u00e7\u00f5es aqui contidas;<br>\n\u2714 Fornecer\u00e1 informa\u00e7\u00f5es verdadeiras, completas e atualizadas em qualquer formul\u00e1rio de contato ou doa\u00e7\u00e3o preenchido no Site;<br>\n\u2714 N\u00e3o utilizar\u00e1 o Site para fins ilegais, fraudulentos ou prejudiciais \u00e0 organiza\u00e7\u00e3o ou a terceiros;<br>\n\u2714 N\u00e3o tentar\u00e1 acessar \u00e1reas restritas, sistemas internos ou realizar qualquer atividade que possa comprometer a seguran\u00e7a do Site.<br><br>\nCaso qualquer uso indevido seja detectado, Let's Help Ukraine reserva-se o direito de restringir ou suspender o acesso do Usu\u00e1rio ao Site sem aviso pr\u00e9vio.<\/h2>\t\t\t\t<\/div>\n\t\t\t\t<\/div>\n\t\t\t\t<div class=\"elementor-element elementor-element-1aac563c elementor-widget elementor-widget-heading\" data-id=\"1aac563c\" data-element_type=\"widget\" data-widget_type=\"heading.default\">\n\t\t\t\t<div class=\"elementor-widget-container\">\n\t\t\t\t\t<h2 class=\"elementor-heading-title elementor-size-default\">4. Doa\u00e7\u00f5es<\/h2>\t\t\t\t<\/div>\n\t\t\t\t<\/div>\n\t\t\t\t<div class=\"elementor-element elementor-element-1381c89 elementor-widget elementor-widget-heading\" data-id=\"1381c89\" data-element_type=\"widget\" data-widget_type=\"heading.default\">\n\t\t\t\t<div class=\"elementor-widget-container\">\n\t\t\t\t\t<h2 class=\"elementor-heading-title elementor-size-default\">4.1. Formas de Doa\u00e7\u00e3o<br>\nA Let's Help Ukraine aceita doa\u00e7\u00f5es por meio de m\u00e9todos seguros dispon\u00edveis no Site. As contribui\u00e7\u00f5es podem ser feitas por:<br>\n- Transfer\u00eancias banc\u00e1rias para contas oficiais da organiza\u00e7\u00e3o;<br>\n- Pagamentos via cart\u00e3o de cr\u00e9dito\/d\u00e9bito processados por plataformas seguras de terceiros;<br>\n- Outros m\u00e9todos de pagamento disponibilizados no Site.<br><br>\n4.2. Processamento e Seguran\u00e7a das Doa\u00e7\u00f5es<br>\n\u2714 As doa\u00e7\u00f5es s\u00e3o processadas por provedores terceirizados confi\u00e1veis e seguem os mais altos padr\u00f5es de seguran\u00e7a.<br>\n\u2714 A Let's Help Ukraine n\u00e3o armazena informa\u00e7\u00f5es banc\u00e1rias ou de cart\u00e3o de cr\u00e9dito dos doadores.<br><br>\n4.3. Pol\u00edtica de Reembolsos<br>\n\u26a0\ufe0f Todas as doa\u00e7\u00f5es s\u00e3o volunt\u00e1rias e N\u00c3O REEMBOLS\u00c1VEIS, salvo em casos excepcionais e mediante an\u00e1lise. Caso o doador tenha cometido um erro na doa\u00e7\u00e3o, poder\u00e1 solicitar uma revis\u00e3o em at\u00e9 7 (sete) dias corridos ap\u00f3s a transa\u00e7\u00e3o, entrando em contato pelo e-mail [<a href=\"mailto:silvana.gomes@letshelpukraine.ch\">Let's Help Ukraine<\/a>].<\/h2>\t\t\t\t<\/div>\n\t\t\t\t<\/div>\n\t\t\t\t<div class=\"elementor-element elementor-element-861d2d1 elementor-widget elementor-widget-heading\" data-id=\"861d2d1\" data-element_type=\"widget\" data-widget_type=\"heading.default\">\n\t\t\t\t<div class=\"elementor-widget-container\">\n\t\t\t\t\t<h2 class=\"elementor-heading-title elementor-size-default\">5. Prote\u00e7\u00e3o de Dados e Privacidade<\/h2>\t\t\t\t<\/div>\n\t\t\t\t<\/div>\n\t\t\t\t<div class=\"elementor-element elementor-element-668881f7 elementor-widget elementor-widget-heading\" data-id=\"668881f7\" data-element_type=\"widget\" data-widget_type=\"heading.default\">\n\t\t\t\t<div class=\"elementor-widget-container\">\n\t\t\t\t\t<h2 class=\"elementor-heading-title elementor-size-default\">A coleta e o uso dos dados pessoais do Usu\u00e1rio s\u00e3o regidos pela nossa Pol\u00edtica de Privacidade, dispon\u00edvel neste Site.<br><br>\nResumidamente:<br>\n\u2714 Os dados coletados por meio do Site N\u00c3O ser\u00e3o vendidos, compartilhados ou comercializados com terceiros sem consentimento do Usu\u00e1rio;<br>\n\u2714 Utilizamos medidas de seguran\u00e7a rigorosas para proteger as informa\u00e7\u00f5es fornecidas pelos Usu\u00e1rios;<br>\n\u2714 O Usu\u00e1rio pode solicitar a exclus\u00e3o ou corre\u00e7\u00e3o de seus dados a qualquer momento.<\/h2>\t\t\t\t<\/div>\n\t\t\t\t<\/div>\n\t\t\t\t<div class=\"elementor-element elementor-element-761350f0 elementor-widget elementor-widget-heading\" data-id=\"761350f0\" data-element_type=\"widget\" data-widget_type=\"heading.default\">\n\t\t\t\t<div class=\"elementor-widget-container\">\n\t\t\t\t\t<h2 class=\"elementor-heading-title elementor-size-default\">6. Propriedade Intelectual<\/h2>\t\t\t\t<\/div>\n\t\t\t\t<\/div>\n\t\t\t\t<div class=\"elementor-element elementor-element-6b1c5935 elementor-widget elementor-widget-heading\" data-id=\"6b1c5935\" data-element_type=\"widget\" data-widget_type=\"heading.default\">\n\t\t\t\t<div class=\"elementor-widget-container\">\n\t\t\t\t\t<h2 class=\"elementor-heading-title elementor-size-default\">\u2714 Todo o conte\u00fado do Site, incluindo textos, imagens, logotipos, gr\u00e1ficos e materiais audiovisuais, \u00e9 de propriedade da Let's Help Ukraine ou utilizado com permiss\u00e3o.<br>\n\u2714 \u00c9 proibida a reprodu\u00e7\u00e3o, modifica\u00e7\u00e3o, distribui\u00e7\u00e3o ou qualquer outro uso n\u00e3o autorizado do conte\u00fado do Site, salvo mediante consentimento expresso da organiza\u00e7\u00e3o.<br><br>\nO uso indevido do material poder\u00e1 resultar em san\u00e7\u00f5es civis e criminais, conforme previsto na legisla\u00e7\u00e3o aplic\u00e1vel.<\/h2>\t\t\t\t<\/div>\n\t\t\t\t<\/div>\n\t\t\t\t<div class=\"elementor-element elementor-element-180e1aea elementor-widget elementor-widget-heading\" data-id=\"180e1aea\" data-element_type=\"widget\" data-widget_type=\"heading.default\">\n\t\t\t\t<div class=\"elementor-widget-container\">\n\t\t\t\t\t<h2 class=\"elementor-heading-title elementor-size-default\">7. Links para Terceiros<\/h2>\t\t\t\t<\/div>\n\t\t\t\t<\/div>\n\t\t\t\t<div class=\"elementor-element elementor-element-47e82a88 elementor-widget elementor-widget-heading\" data-id=\"47e82a88\" data-element_type=\"widget\" data-widget_type=\"heading.default\">\n\t\t\t\t<div class=\"elementor-widget-container\">\n\t\t\t\t\t<h2 class=\"elementor-heading-title elementor-size-default\">O Site pode conter links para websites de terceiros. Estes links s\u00e3o fornecidos apenas para conveni\u00eancia do Usu\u00e1rio.<br><br>\n\u2714 Let's Help Ukraine n\u00e3o se responsabiliza pelo conte\u00fado, seguran\u00e7a ou pol\u00edticas de privacidade de sites externos;<br>\n\u2714 O Usu\u00e1rio assume toda a responsabilidade ao acessar qualquer link externo a partir deste Site.<br><\/h2>\t\t\t\t<\/div>\n\t\t\t\t<\/div>\n\t\t\t\t<div class=\"elementor-element elementor-element-65c92266 elementor-widget elementor-widget-heading\" data-id=\"65c92266\" data-element_type=\"widget\" data-widget_type=\"heading.default\">\n\t\t\t\t<div class=\"elementor-widget-container\">\n\t\t\t\t\t<h2 class=\"elementor-heading-title elementor-size-default\">8. Responsabilidade e Limita\u00e7\u00e3o de Garantia<\/h2>\t\t\t\t<\/div>\n\t\t\t\t<\/div>\n\t\t\t\t<div class=\"elementor-element elementor-element-7537f6f8 elementor-widget elementor-widget-heading\" data-id=\"7537f6f8\" data-element_type=\"widget\" data-widget_type=\"heading.default\">\n\t\t\t\t<div class=\"elementor-widget-container\">\n\t\t\t\t\t<h2 class=\"elementor-heading-title elementor-size-default\">\u2714 Let's Help Ukraine faz o poss\u00edvel para garantir que as informa\u00e7\u00f5es no Site sejam precisas e atualizadas, mas n\u00e3o pode garantir a total aus\u00eancia de erros ou imprecis\u00f5es;<br><br>\n\u2714 A organiza\u00e7\u00e3o n\u00e3o se responsabiliza por:<br>\n\n- Indisponibilidade do Site por falhas t\u00e9cnicas ou manuten\u00e7\u00e3o;<br>\n- Danos diretos ou indiretos decorrentes do uso do Site ou de decis\u00f5es tomadas com base em seu conte\u00fado;<br>\n- Ataques cibern\u00e9ticos ou outros incidentes de seguran\u00e7a fora de nosso controle.<br>\n<br>O Usu\u00e1rio reconhece que o uso do Site \u00e9 por sua conta e risco.<\/h2>\t\t\t\t<\/div>\n\t\t\t\t<\/div>\n\t\t\t\t<div class=\"elementor-element elementor-element-44353d43 elementor-widget elementor-widget-heading\" data-id=\"44353d43\" data-element_type=\"widget\" data-widget_type=\"heading.default\">\n\t\t\t\t<div class=\"elementor-widget-container\">\n\t\t\t\t\t<h2 class=\"elementor-heading-title elementor-size-default\">9. Altera\u00e7\u00f5es dos Termos<\/h2>\t\t\t\t<\/div>\n\t\t\t\t<\/div>\n\t\t\t\t<div class=\"elementor-element elementor-element-4a3f916 elementor-widget elementor-widget-heading\" data-id=\"4a3f916\" data-element_type=\"widget\" data-widget_type=\"heading.default\">\n\t\t\t\t<div class=\"elementor-widget-container\">\n\t\t\t\t\t<h2 class=\"elementor-heading-title elementor-size-default\">Podemos modificar estes Termos a qualquer momento para garantir conformidade com novas leis ou melhorias no Site.<br><br>\n\u2714 As altera\u00e7\u00f5es entrar\u00e3o em vigor imediatamente ap\u00f3s a publica\u00e7\u00e3o no Site;<br>\n\u2714 O Usu\u00e1rio deve revisar periodicamente os Termos para se manter atualizado.<\/h2>\t\t\t\t<\/div>\n\t\t\t\t<\/div>\n\t\t\t\t<div class=\"elementor-element elementor-element-e84f77a elementor-widget elementor-widget-heading\" data-id=\"e84f77a\" data-element_type=\"widget\" data-widget_type=\"heading.default\">\n\t\t\t\t<div class=\"elementor-widget-container\">\n\t\t\t\t\t<h2 class=\"elementor-heading-title elementor-size-default\">10. Legisla\u00e7\u00e3o Aplic\u00e1vel e Foro Competente<\/h2>\t\t\t\t<\/div>\n\t\t\t\t<\/div>\n\t\t\t\t<div class=\"elementor-element elementor-element-3aef7e86 elementor-widget elementor-widget-heading\" data-id=\"3aef7e86\" data-element_type=\"widget\" data-widget_type=\"heading.default\">\n\t\t\t\t<div class=\"elementor-widget-container\">\n\t\t\t\t\t<h2 class=\"elementor-heading-title elementor-size-default\">\u2714 Estes Termos ser\u00e3o regidos e interpretados de acordo com as leis do pa\u00eds em que a Let's Help Ukraine est\u00e1 registrada;<br>\n\u2714 Qualquer disputa ou controv\u00e9rsia relacionada ao uso do Site ser\u00e1 resolvida perante os tribunais competentes da jurisdi\u00e7\u00e3o da organiza\u00e7\u00e3o.<\/h2>\t\t\t\t<\/div>\n\t\t\t\t<\/div>\n\t\t\t\t<div class=\"elementor-element elementor-element-11b78ea elementor-widget elementor-widget-heading\" data-id=\"11b78ea\" data-element_type=\"widget\" data-widget_type=\"heading.default\">\n\t\t\t\t<div class=\"elementor-widget-container\">\n\t\t\t\t\t<h2 class=\"elementor-heading-title elementor-size-default\">11. Contato<\/h2>\t\t\t\t<\/div>\n\t\t\t\t<\/div>\n\t\t\t\t<div class=\"elementor-element elementor-element-54199f4 elementor-widget elementor-widget-heading\" data-id=\"54199f4\" data-element_type=\"widget\" data-widget_type=\"heading.default\">\n\t\t\t\t<div class=\"elementor-widget-container\">\n\t\t\t\t\t<h2 class=\"elementor-heading-title elementor-size-default\">Se tiver d\u00favidas sobre estes Termos e Condi\u00e7\u00f5es, entre em contato pelo e-mail <a href=\"mailto:silvana.gomes@letshelpukraine.ch\">[ Let's Help Ukraine ]<\/a><\/h2>\t\t\t\t<\/div>\n\t\t\t\t<\/div>\n\t\t\t\t<div class=\"elementor-element elementor-element-4c3ac427 elementor-widget elementor-widget-heading\" data-id=\"4c3ac427\" data-element_type=\"widget\" data-widget_type=\"heading.default\">\n\t\t\t\t<div class=\"elementor-widget-container\">\n\t\t\t\t\t<h2 class=\"elementor-heading-title elementor-size-default\">Data da \u00faltima atualiza\u00e7\u00e3o: <br>\n1 de janeiro de 2025<\/h2>\t\t\t\t<\/div>\n\t\t\t\t<\/div>\n\t\t\t\t\t<\/div>\n\t\t<\/div>\n\t\t\t\t\t<\/div>\n\t\t<\/section>\n\t\t\t\t<\/div>","protected":false},"excerpt":{"rendered":"<p>Terms and Conditions 1. Introduction Welcome to the Let&#8217;s Help Ukraine website (\u201cwe\u201d, \u201cour\u201d, \u201cthe organization\u201d). These Terms and Conditions of Use (\u201cTerms\u201d) govern your access to and use of this website (\u201cSite\u201d) and all services offered on it. By accessing and using this Site, you (\u201cUser\u201d, \u201cyou\u201d) fully agree to these Terms. If you do not agree with any part of these Terms, you should immediately stop using the Site. 2. Purpose of the Site This Site is intended to: \u2705 Provide information about the activities of Let&#8217;s Help Ukraine; \u2705 Facilitate the collection of financial and material donations for humanitarian aid; \u2705 Provide a communication channel for those interested in contributing or learning more about the organization. 3. Conditions of Use By using this Site, the User declares and guarantees that they: \u2714 Have the legal capacity to accept these Terms and comply with all provisions; \u2714 Will provide true, complete, and up-to-date information in any contact or donation forms; \u2714 Will not use the Site for illegal, fraudulent, or harmful activities that may damage the organization or third parties; \u2714 Will not attempt to access restricted areas, internal systems, or perform any activities that could compromise the Site&#8217;s security. If any misuse is detected, Let&#8217;s Help Ukraine reserves the right to restrict or suspend the User\u2019s access to the Site without prior notice. 4. Donations 4.1. Donation Methods Let&#8217;s Help Ukraine accepts donations through secure methods available on the Site, including: &#8211; Bank transfers to official organization accounts; &#8211; Credit\/debit card payments processed through secure third-party platforms; &#8211; Other payment methods available on the Site. 4.2. Processing and Security of Donations \u2714 Donations are processed through reliable third-party providers that adhere to high-security standards. \u2714 Let&#8217;s Help Ukraine does not store donors\u2019 banking or credit card information. 4.3. Refund Policy \u26a0\ufe0f All donations are voluntary and NON-REFUNDABLE, except in exceptional cases subject to review. If a donor makes an error in their donation, they may request a review within 7 (seven) calendar days of the transaction by contacting [Let&#8217;s Help Ukraine]. 5. Data Protection and Privacy The collection and use of Users&#8217; personal data are governed by our Privacy Policy, available on this Site. In summary: \u2714 Data collected on the Site WILL NOT be sold, shared, or traded with third parties without the User\u2019s consent; \u2714 We implement strict security measures to protect User-provided information; \u2714 Users can request deletion or correction of their data at any time. 6. Intellectual Property \u2714 All content on the Site, including text, images, logos, graphics, and audiovisual materials, is owned by Let&#8217;s Help Ukraine or used with permission. \u2714 Reproducing, modifying, distributing, or using the Site\u2019s content without authorization is strictly prohibited, except with the express consent of the organization. Unauthorized use may result in civil and criminal penalties, as provided by applicable law. 7. Third-Party Links The Site may contain links to third-party websites. These links are provided for User convenience only. \u2714 Let&#8217;s Help Ukraine is not responsible for the content, security, or privacy policies of external sites; \u2714 Users assume full responsibility when accessing any external links from this Site. 8. Liability and Warranty Disclaimer \u2714 Let&#8217;s Help Ukraine makes every effort to ensure the information on the Site is accurate and up-to-date, but cannot guarantee the absence of errors or inaccuracies; \u2714 The organization is not liable for: &#8211; Site unavailability due to technical failures or maintenance; &#8211; Direct or indirect damages resulting from the use of the Site or decisions made based on its content; &#8211; Cyberattacks or other security incidents beyond our control. The User acknowledges that the use of the Site is at their own risk. 9. Changes to Terms We may modify these Terms at any time to ensure compliance with new laws or improvements to the Site. \u2714 Changes will take effect immediately upon publication on the Site; \u2714 Users should periodically review these Terms to stay informed. 10. Applicable Law and Jurisdiction \u2714 These Terms shall be governed and interpreted in accordance with the laws of the country in which Let&#8217;s Help Ukraine is registered; \u2714 Any disputes related to the use of the Site shall be resolved in the competent courts of the organization\u2019s jurisdiction. 11. Contact If you have any questions about these Terms and Conditions, please contact us at [ Let&#8217;s Help Ukraine ] Last updated: January 1, 2025<\/p>","protected":false},"author":1,"featured_media":0,"parent":0,"menu_order":0,"comment_status":"closed","ping_status":"closed","template":"","meta":{"give_campaign_id":0,"site-sidebar-layout":"no-sidebar","site-content-layout":"","ast-site-content-layout":"full-width-container","site-content-style":"default","site-sidebar-style":"default","ast-global-header-display":"","ast-banner-title-visibility":"","ast-main-header-display":"","ast-hfb-above-header-display":"","ast-hfb-below-header-display":"","ast-hfb-mobile-header-display":"","site-post-title":"disabled","ast-breadcrumbs-content":"","ast-featured-img":"disabled","footer-sml-layout":"","theme-transparent-header-meta":"","adv-header-id-meta":"","stick-header-meta":"","header-above-stick-meta":"","header-main-stick-meta":"","header-below-stick-meta":"","astra-migrate-meta-layouts":"default","ast-page-background-enabled":"default","ast-page-background-meta":{"desktop":{"background-color":"var(--ast-global-color-4)","background-image":"","background-repeat":"repeat","background-position":"center center","background-size":"auto","background-attachment":"scroll","background-type":"","background-media":"","overlay-type":"","overlay-color":"","overlay-opacity":"","overlay-gradient":""},"tablet":{"background-color":"","background-image":"","background-repeat":"repeat","background-position":"center center","background-size":"auto","background-attachment":"scroll","background-type":"","background-media":"","overlay-type":"","overlay-color":"","overlay-opacity":"","overlay-gradient":""},"mobile":{"background-color":"","background-image":"","background-repeat":"repeat","background-position":"center center","background-size":"auto","background-attachment":"scroll","background-type":"","background-media":"","overlay-type":"","overlay-color":"","overlay-opacity":"","overlay-gradient":""}},"ast-content-background-meta":{"desktop":{"background-color":"var(--ast-global-color-5)","background-image":"","background-repeat":"repeat","background-position":"center center","background-size":"auto","background-attachment":"scroll","background-type":"","background-media":"","overlay-type":"","overlay-color":"","overlay-opacity":"","overlay-gradient":""},"tablet":{"background-color":"var(--ast-global-color-5)","background-image":"","background-repeat":"repeat","background-position":"center center","background-size":"auto","background-attachment":"scroll","background-type":"","background-media":"","overlay-type":"","overlay-color":"","overlay-opacity":"","overlay-gradient":""},"mobile":{"background-color":"var(--ast-global-color-5)","background-image":"","background-repeat":"repeat","background-position":"center center","background-size":"auto","background-attachment":"scroll","background-type":"","background-media":"","overlay-type":"","overlay-color":"","overlay-opacity":"","overlay-gradient":""}},"footnotes":""},"class_list":["post-853","page","type-page","status-publish","hentry"],"campaignId":"","_links":{"self":[{"href":"https:\/\/letshelpukraine.ch\/pt\/wp-json\/wp\/v2\/pages\/853"}],"collection":[{"href":"https:\/\/letshelpukraine.ch\/pt\/wp-json\/wp\/v2\/pages"}],"about":[{"href":"https:\/\/letshelpukraine.ch\/pt\/wp-json\/wp\/v2\/types\/page"}],"author":[{"embeddable":true,"href":"https:\/\/letshelpukraine.ch\/pt\/wp-json\/wp\/v2\/users\/1"}],"replies":[{"embeddable":true,"href":"https:\/\/letshelpukraine.ch\/pt\/wp-json\/wp\/v2\/comments?post=853"}],"version-history":[{"count":13,"href":"https:\/\/letshelpukraine.ch\/pt\/wp-json\/wp\/v2\/pages\/853\/revisions"}],"predecessor-version":[{"id":868,"href":"https:\/\/letshelpukraine.ch\/pt\/wp-json\/wp\/v2\/pages\/853\/revisions\/868"}],"wp:attachment":[{"href":"https:\/\/letshelpukraine.ch\/pt\/wp-json\/wp\/v2\/media?parent=853"}],"curies":[{"name":"wp","href":"https:\/\/api.w.org\/{rel}","templated":true}]}}