{"id":672,"date":"2025-02-07T22:30:49","date_gmt":"2025-02-07T22:30:49","guid":{"rendered":"https:\/\/letshelpukraine.ch\/?page_id=672"},"modified":"2025-02-07T23:10:26","modified_gmt":"2025-02-07T23:10:26","slug":"data-privacy","status":"publish","type":"page","link":"https:\/\/letshelpukraine.ch\/pt\/data-privacy\/","title":{"rendered":"Pol\u00edtica de Privacidade"},"content":{"rendered":"<div data-elementor-type=\"wp-page\" data-elementor-id=\"672\" class=\"elementor elementor-672\" data-elementor-post-type=\"page\">\n\t\t\t\t\t\t<section class=\"elementor-section elementor-top-section elementor-element elementor-element-1c8838c4 elementor-section-boxed elementor-section-height-default elementor-section-height-default wpr-particle-no wpr-jarallax-no wpr-parallax-no wpr-sticky-section-no\" data-id=\"1c8838c4\" data-element_type=\"section\" data-settings=\"{&quot;background_background&quot;:&quot;classic&quot;}\">\n\t\t\t\t\t\t<div class=\"elementor-container elementor-column-gap-default\">\n\t\t\t\t\t<div class=\"elementor-column elementor-col-100 elementor-top-column elementor-element elementor-element-6e1258e4\" data-id=\"6e1258e4\" data-element_type=\"column\">\n\t\t\t<div class=\"elementor-widget-wrap elementor-element-populated\">\n\t\t\t\t\t\t<div class=\"elementor-element elementor-element-1f6c5500 elementor-widget-divider--view-line_text elementor-widget-divider--element-align-center elementor-widget elementor-widget-divider\" data-id=\"1f6c5500\" data-element_type=\"widget\" data-widget_type=\"divider.default\">\n\t\t\t\t<div class=\"elementor-widget-container\">\n\t\t\t\t\t\t\t<div class=\"elementor-divider\">\n\t\t\t<span class=\"elementor-divider-separator\">\n\t\t\t\t\t\t\t<span class=\"elementor-divider__text elementor-divider__element\">\n\t\t\t\tPol\u00edtica de Privacidade\t\t\t\t<\/span>\n\t\t\t\t\t\t<\/span>\n\t\t<\/div>\n\t\t\t\t\t\t<\/div>\n\t\t\t\t<\/div>\n\t\t\t\t\t<\/div>\n\t\t<\/div>\n\t\t\t\t\t<\/div>\n\t\t<\/section>\n\t\t\t\t<section class=\"elementor-section elementor-top-section elementor-element elementor-element-1230e74 elementor-section-boxed elementor-section-height-default elementor-section-height-default wpr-particle-no wpr-jarallax-no wpr-parallax-no wpr-sticky-section-no\" data-id=\"1230e74\" data-element_type=\"section\">\n\t\t\t\t\t\t<div class=\"elementor-container elementor-column-gap-default\">\n\t\t\t\t\t<div class=\"elementor-column elementor-col-100 elementor-top-column elementor-element elementor-element-10dd4b5\" data-id=\"10dd4b5\" data-element_type=\"column\">\n\t\t\t<div class=\"elementor-widget-wrap elementor-element-populated\">\n\t\t\t\t\t<div class=\"elementor-background-overlay\"><\/div>\n\t\t\t\t\t\t<div class=\"elementor-element elementor-element-35ccb0c9 elementor-widget elementor-widget-heading\" data-id=\"35ccb0c9\" data-element_type=\"widget\" data-widget_type=\"heading.default\">\n\t\t\t\t<div class=\"elementor-widget-container\">\n\t\t\t\t\t<h2 class=\"elementor-heading-title elementor-size-default\">1. Introdu\u00e7\u00e3o<\/h2>\t\t\t\t<\/div>\n\t\t\t\t<\/div>\n\t\t\t\t<div class=\"elementor-element elementor-element-4738ac5f elementor-widget elementor-widget-heading\" data-id=\"4738ac5f\" data-element_type=\"widget\" data-widget_type=\"heading.default\">\n\t\t\t\t<div class=\"elementor-widget-container\">\n\t\t\t\t\t<h2 class=\"elementor-heading-title elementor-size-default\">A Let's Help Ukraine valoriza a privacidade e a seguran\u00e7a dos dados de seus apoiadores. Esta Pol\u00edtica de Privacidade explica como coletamos, utilizamos e protegemos as informa\u00e7\u00f5es pessoais fornecidas pelos usu\u00e1rios ao acessar nosso site.<\/h2>\t\t\t\t<\/div>\n\t\t\t\t<\/div>\n\t\t\t\t<div class=\"elementor-element elementor-element-4966e1d8 elementor-widget elementor-widget-heading\" data-id=\"4966e1d8\" data-element_type=\"widget\" data-widget_type=\"heading.default\">\n\t\t\t\t<div class=\"elementor-widget-container\">\n\t\t\t\t\t<h2 class=\"elementor-heading-title elementor-size-default\">2. Informa\u00e7\u00f5es Coletadas<\/h2>\t\t\t\t<\/div>\n\t\t\t\t<\/div>\n\t\t\t\t<div class=\"elementor-element elementor-element-47f0c104 elementor-widget elementor-widget-heading\" data-id=\"47f0c104\" data-element_type=\"widget\" data-widget_type=\"heading.default\">\n\t\t\t\t<div class=\"elementor-widget-container\">\n\t\t\t\t\t<h2 class=\"elementor-heading-title elementor-size-default\">Ao interagir com nosso site, podemos coletar as seguintes informa\u00e7\u00f5es:<br><br>\n- Informa\u00e7\u00f5es de Doa\u00e7\u00e3o: Nome, e-mail, telefone, valor doado e m\u00e9todo de pagamento.<br>\n- Formul\u00e1rio de Contato: Nome, e-mail, telefone e qualquer informa\u00e7\u00e3o adicional que o usu\u00e1rio fornecer voluntariamente.<br>\n<br>Observa\u00e7\u00e3o: N\u00e3o armazenamos dados sens\u00edveis de pagamento, como n\u00fameros de cart\u00f5es de cr\u00e9dito. As transa\u00e7\u00f5es s\u00e3o processadas por plataformas seguras de terceiros.<\/h2>\t\t\t\t<\/div>\n\t\t\t\t<\/div>\n\t\t\t\t<div class=\"elementor-element elementor-element-1e762713 elementor-widget elementor-widget-heading\" data-id=\"1e762713\" data-element_type=\"widget\" data-widget_type=\"heading.default\">\n\t\t\t\t<div class=\"elementor-widget-container\">\n\t\t\t\t\t<h2 class=\"elementor-heading-title elementor-size-default\">3. Uso das Informa\u00e7\u00f5es<\/h2>\t\t\t\t<\/div>\n\t\t\t\t<\/div>\n\t\t\t\t<div class=\"elementor-element elementor-element-176d501c elementor-widget elementor-widget-heading\" data-id=\"176d501c\" data-element_type=\"widget\" data-widget_type=\"heading.default\">\n\t\t\t\t<div class=\"elementor-widget-container\">\n\t\t\t\t\t<h2 class=\"elementor-heading-title elementor-size-default\">As informa\u00e7\u00f5es coletadas s\u00e3o utilizadas para:<br><br>\n- Processar doa\u00e7\u00f5es e enviar confirma\u00e7\u00f5es;<br>\n- Responder a solicita\u00e7\u00f5es e mensagens enviadas pelo formul\u00e1rio de contato;<br>\n- Melhorar nossos servi\u00e7os e comunica\u00e7\u00e3o com os apoiadores;<br>\n- Garantir a seguran\u00e7a das transa\u00e7\u00f5es realizadas no site.<\/h2>\t\t\t\t<\/div>\n\t\t\t\t<\/div>\n\t\t\t\t<div class=\"elementor-element elementor-element-4784109b elementor-widget elementor-widget-heading\" data-id=\"4784109b\" data-element_type=\"widget\" data-widget_type=\"heading.default\">\n\t\t\t\t<div class=\"elementor-widget-container\">\n\t\t\t\t\t<h2 class=\"elementor-heading-title elementor-size-default\">4. Compartilhamento de Dados<\/h2>\t\t\t\t<\/div>\n\t\t\t\t<\/div>\n\t\t\t\t<div class=\"elementor-element elementor-element-54db52c elementor-widget elementor-widget-heading\" data-id=\"54db52c\" data-element_type=\"widget\" data-widget_type=\"heading.default\">\n\t\t\t\t<div class=\"elementor-widget-container\">\n\t\t\t\t\t<h2 class=\"elementor-heading-title elementor-size-default\">N\u00e3o vendemos, alugamos ou compartilhamos seus dados pessoais com terceiros, exceto quando necess\u00e1rio para:<br><br>\n\n- Processar pagamentos por meio de provedores seguros;<br>\n- Cumprir obriga\u00e7\u00f5es legais ou solicita\u00e7\u00f5es judiciais.<\/h2>\t\t\t\t<\/div>\n\t\t\t\t<\/div>\n\t\t\t\t<div class=\"elementor-element elementor-element-1586dcd elementor-widget elementor-widget-heading\" data-id=\"1586dcd\" data-element_type=\"widget\" data-widget_type=\"heading.default\">\n\t\t\t\t<div class=\"elementor-widget-container\">\n\t\t\t\t\t<h2 class=\"elementor-heading-title elementor-size-default\">5. Seguran\u00e7a das Informa\u00e7\u00f5es<\/h2>\t\t\t\t<\/div>\n\t\t\t\t<\/div>\n\t\t\t\t<div class=\"elementor-element elementor-element-21c56fec elementor-widget elementor-widget-heading\" data-id=\"21c56fec\" data-element_type=\"widget\" data-widget_type=\"heading.default\">\n\t\t\t\t<div class=\"elementor-widget-container\">\n\t\t\t\t\t<h2 class=\"elementor-heading-title elementor-size-default\">Adotamos medidas de seguran\u00e7a para proteger os dados fornecidos pelos usu\u00e1rios, incluindo criptografia e protocolos seguros de armazenamento e transmiss\u00e3o.<\/h2>\t\t\t\t<\/div>\n\t\t\t\t<\/div>\n\t\t\t\t<div class=\"elementor-element elementor-element-2f19860d elementor-widget elementor-widget-heading\" data-id=\"2f19860d\" data-element_type=\"widget\" data-widget_type=\"heading.default\">\n\t\t\t\t<div class=\"elementor-widget-container\">\n\t\t\t\t\t<h2 class=\"elementor-heading-title elementor-size-default\">6. Direitos do Usu\u00e1rio<\/h2>\t\t\t\t<\/div>\n\t\t\t\t<\/div>\n\t\t\t\t<div class=\"elementor-element elementor-element-68e22f14 elementor-widget elementor-widget-heading\" data-id=\"68e22f14\" data-element_type=\"widget\" data-widget_type=\"heading.default\">\n\t\t\t\t<div class=\"elementor-widget-container\">\n\t\t\t\t\t<h2 class=\"elementor-heading-title elementor-size-default\">Os usu\u00e1rios t\u00eam o direito de:<br><br>\n- Solicitar acesso, corre\u00e7\u00e3o ou exclus\u00e3o de seus dados pessoais;<br>\n- Retirar o consentimento para o uso de seus dados a qualquer momento.<br><br>Para exercer esses direitos, entre em contato conosco pelo e-mail <a href=\"mailto:silvana.gomes@letshelpukraine.ch\">Let's Help Ukraine<\/a>.<\/h2>\t\t\t\t<\/div>\n\t\t\t\t<\/div>\n\t\t\t\t<div class=\"elementor-element elementor-element-1fb739ea elementor-widget elementor-widget-heading\" data-id=\"1fb739ea\" data-element_type=\"widget\" data-widget_type=\"heading.default\">\n\t\t\t\t<div class=\"elementor-widget-container\">\n\t\t\t\t\t<h2 class=\"elementor-heading-title elementor-size-default\">7. Cookies e Tecnologias de Rastreamento<\/h2>\t\t\t\t<\/div>\n\t\t\t\t<\/div>\n\t\t\t\t<div class=\"elementor-element elementor-element-77368f24 elementor-widget elementor-widget-heading\" data-id=\"77368f24\" data-element_type=\"widget\" data-widget_type=\"heading.default\">\n\t\t\t\t<div class=\"elementor-widget-container\">\n\t\t\t\t\t<h2 class=\"elementor-heading-title elementor-size-default\">Nosso site pode utilizar cookies para melhorar a experi\u00eancia do usu\u00e1rio. Voc\u00ea pode gerenciar suas prefer\u00eancias de cookies diretamente nas configura\u00e7\u00f5es do navegador.<\/h2>\t\t\t\t<\/div>\n\t\t\t\t<\/div>\n\t\t\t\t<div class=\"elementor-element elementor-element-5f4578d1 elementor-widget elementor-widget-heading\" data-id=\"5f4578d1\" data-element_type=\"widget\" data-widget_type=\"heading.default\">\n\t\t\t\t<div class=\"elementor-widget-container\">\n\t\t\t\t\t<h2 class=\"elementor-heading-title elementor-size-default\">8. Altera\u00e7\u00f5es na Pol\u00edtica de Privacidade<\/h2>\t\t\t\t<\/div>\n\t\t\t\t<\/div>\n\t\t\t\t<div class=\"elementor-element elementor-element-3030b9b7 elementor-widget elementor-widget-heading\" data-id=\"3030b9b7\" data-element_type=\"widget\" data-widget_type=\"heading.default\">\n\t\t\t\t<div class=\"elementor-widget-container\">\n\t\t\t\t\t<h2 class=\"elementor-heading-title elementor-size-default\">Podemos atualizar esta Pol\u00edtica de Privacidade periodicamente. Qualquer altera\u00e7\u00e3o ser\u00e1 publicada em nosso site.<\/h2>\t\t\t\t<\/div>\n\t\t\t\t<\/div>\n\t\t\t\t<div class=\"elementor-element elementor-element-3307c719 elementor-widget elementor-widget-heading\" data-id=\"3307c719\" data-element_type=\"widget\" data-widget_type=\"heading.default\">\n\t\t\t\t<div class=\"elementor-widget-container\">\n\t\t\t\t\t<h2 class=\"elementor-heading-title elementor-size-default\">Contato<\/h2>\t\t\t\t<\/div>\n\t\t\t\t<\/div>\n\t\t\t\t<div class=\"elementor-element elementor-element-a270bee elementor-widget elementor-widget-heading\" data-id=\"a270bee\" data-element_type=\"widget\" data-widget_type=\"heading.default\">\n\t\t\t\t<div class=\"elementor-widget-container\">\n\t\t\t\t\t<h2 class=\"elementor-heading-title elementor-size-default translation-block\">Se tiver d\u00favidas sobre esta Pol\u00edtica de Privacidade, entre em contato pelo e-mail<\/h2>\t\t\t\t<\/div>\n\t\t\t\t<\/div>\n\t\t\t\t<div class=\"elementor-element elementor-element-5f7a47c5 elementor-widget elementor-widget-heading\" data-id=\"5f7a47c5\" data-element_type=\"widget\" data-widget_type=\"heading.default\">\n\t\t\t\t<div class=\"elementor-widget-container\">\n\t\t\t\t\t<h2 class=\"elementor-heading-title elementor-size-default\">Data da \u00faltima atualiza\u00e7\u00e3o: <br>\n1 de janeiro de 2025 \n<\/h2>\t\t\t\t<\/div>\n\t\t\t\t<\/div>\n\t\t\t\t\t<\/div>\n\t\t<\/div>\n\t\t\t\t\t<\/div>\n\t\t<\/section>\n\t\t\t\t<\/div>","protected":false},"excerpt":{"rendered":"<p>Data Privacy 1. Introduction Let&#8217;s Help Ukraine values the privacy and security of its supporters. This Privacy Policy explains how we collect, use, and protect personal information provided by users when accessing our website. 2. Information We Collect When interacting with our website, we may collect the following information: &#8211; Donation Information: Name, email, phone number, donation amount, and payment method. &#8211; Contact Form: Name, email, phone number, and any additional information voluntarily provided by the user. Note: We do not store sensitive payment data, such as credit card numbers. Transactions are processed through secure third-party platforms. 3. Use of Information The collected information is used to: &#8211; Process donations and send confirmations; &#8211; Respond to inquiries and messages submitted through the contact form; &#8211; Improve our services and communication with supporters; &#8211; Ensure the security of transactions on the website. 4. Data Sharing We do not sell, rent, or share your personal data with third parties, except when necessary to: &#8211; Process payments through secure providers; &#8211; Comply with legal obligations or court orders. 5. Data Security We implement security measures to protect the data provided by users, including encryption and secure storage and transmission protocols. 6. User Rights Users have the right to: &#8211; Request access, correction, or deletion of their personal data; &#8211; Withdraw consent for data usage at any time. To exercise these rights, please contact us at Let&#8217;s Help Ukraine. 7. Cookies and Tracking Technologies Our website may use cookies to enhance the user experience. You can manage your cookie preferences directly in your browser settings. 8. Changes to the Privacy Policy We may update this Privacy Policy periodically. Any changes will be posted on our website. 9. Contact If you have any questions regarding this Privacy Policy, please contact us at Let&#8217;s Help Ukraine. Date of last update: January 1, 2025<\/p>","protected":false},"author":1,"featured_media":0,"parent":0,"menu_order":0,"comment_status":"closed","ping_status":"closed","template":"","meta":{"give_campaign_id":0,"site-sidebar-layout":"no-sidebar","site-content-layout":"","ast-site-content-layout":"full-width-container","site-content-style":"default","site-sidebar-style":"default","ast-global-header-display":"","ast-banner-title-visibility":"","ast-main-header-display":"","ast-hfb-above-header-display":"","ast-hfb-below-header-display":"","ast-hfb-mobile-header-display":"","site-post-title":"disabled","ast-breadcrumbs-content":"","ast-featured-img":"disabled","footer-sml-layout":"","theme-transparent-header-meta":"","adv-header-id-meta":"","stick-header-meta":"","header-above-stick-meta":"","header-main-stick-meta":"","header-below-stick-meta":"","astra-migrate-meta-layouts":"default","ast-page-background-enabled":"default","ast-page-background-meta":{"desktop":{"background-color":"var(--ast-global-color-4)","background-image":"","background-repeat":"repeat","background-position":"center center","background-size":"auto","background-attachment":"scroll","background-type":"","background-media":"","overlay-type":"","overlay-color":"","overlay-opacity":"","overlay-gradient":""},"tablet":{"background-color":"","background-image":"","background-repeat":"repeat","background-position":"center center","background-size":"auto","background-attachment":"scroll","background-type":"","background-media":"","overlay-type":"","overlay-color":"","overlay-opacity":"","overlay-gradient":""},"mobile":{"background-color":"","background-image":"","background-repeat":"repeat","background-position":"center center","background-size":"auto","background-attachment":"scroll","background-type":"","background-media":"","overlay-type":"","overlay-color":"","overlay-opacity":"","overlay-gradient":""}},"ast-content-background-meta":{"desktop":{"background-color":"var(--ast-global-color-5)","background-image":"","background-repeat":"repeat","background-position":"center center","background-size":"auto","background-attachment":"scroll","background-type":"","background-media":"","overlay-type":"","overlay-color":"","overlay-opacity":"","overlay-gradient":""},"tablet":{"background-color":"var(--ast-global-color-5)","background-image":"","background-repeat":"repeat","background-position":"center center","background-size":"auto","background-attachment":"scroll","background-type":"","background-media":"","overlay-type":"","overlay-color":"","overlay-opacity":"","overlay-gradient":""},"mobile":{"background-color":"var(--ast-global-color-5)","background-image":"","background-repeat":"repeat","background-position":"center center","background-size":"auto","background-attachment":"scroll","background-type":"","background-media":"","overlay-type":"","overlay-color":"","overlay-opacity":"","overlay-gradient":""}},"footnotes":""},"class_list":["post-672","page","type-page","status-publish","hentry"],"campaignId":"","_links":{"self":[{"href":"https:\/\/letshelpukraine.ch\/pt\/wp-json\/wp\/v2\/pages\/672"}],"collection":[{"href":"https:\/\/letshelpukraine.ch\/pt\/wp-json\/wp\/v2\/pages"}],"about":[{"href":"https:\/\/letshelpukraine.ch\/pt\/wp-json\/wp\/v2\/types\/page"}],"author":[{"embeddable":true,"href":"https:\/\/letshelpukraine.ch\/pt\/wp-json\/wp\/v2\/users\/1"}],"replies":[{"embeddable":true,"href":"https:\/\/letshelpukraine.ch\/pt\/wp-json\/wp\/v2\/comments?post=672"}],"version-history":[{"count":22,"href":"https:\/\/letshelpukraine.ch\/pt\/wp-json\/wp\/v2\/pages\/672\/revisions"}],"predecessor-version":[{"id":707,"href":"https:\/\/letshelpukraine.ch\/pt\/wp-json\/wp\/v2\/pages\/672\/revisions\/707"}],"wp:attachment":[{"href":"https:\/\/letshelpukraine.ch\/pt\/wp-json\/wp\/v2\/media?parent=672"}],"curies":[{"name":"wp","href":"https:\/\/api.w.org\/{rel}","templated":true}]}}