{"id":318,"date":"2024-08-20T20:16:16","date_gmt":"2024-08-20T20:16:16","guid":{"rendered":"https:\/\/letshelpukraine.ch\/?page_id=318"},"modified":"2025-03-17T15:46:48","modified_gmt":"2025-03-17T15:46:48","slug":"about-us","status":"publish","type":"page","link":"https:\/\/letshelpukraine.ch\/pt\/about-us\/","title":{"rendered":"Sobre n\u00f3s"},"content":{"rendered":"<div data-elementor-type=\"wp-page\" data-elementor-id=\"318\" class=\"elementor elementor-318\" data-elementor-post-type=\"page\">\n\t\t\t\t\t\t<section class=\"elementor-section elementor-top-section elementor-element elementor-element-3d67160 elementor-section-boxed elementor-section-height-default elementor-section-height-default wpr-particle-no wpr-jarallax-no wpr-parallax-no wpr-sticky-section-no\" data-id=\"3d67160\" data-element_type=\"section\" data-settings=\"{&quot;background_background&quot;:&quot;classic&quot;}\">\n\t\t\t\t\t\t<div class=\"elementor-container elementor-column-gap-default\">\n\t\t\t\t\t<div class=\"elementor-column elementor-col-100 elementor-top-column elementor-element elementor-element-52109ab\" data-id=\"52109ab\" data-element_type=\"column\">\n\t\t\t<div class=\"elementor-widget-wrap elementor-element-populated\">\n\t\t\t\t\t\t<div class=\"elementor-element elementor-element-7deeb82 elementor-widget-divider--view-line_text elementor-widget-divider--element-align-center elementor-widget elementor-widget-divider\" data-id=\"7deeb82\" data-element_type=\"widget\" data-widget_type=\"divider.default\">\n\t\t\t\t<div class=\"elementor-widget-container\">\n\t\t\t\t\t\t\t<div class=\"elementor-divider\">\n\t\t\t<span class=\"elementor-divider-separator\">\n\t\t\t\t\t\t\t<span class=\"elementor-divider__text elementor-divider__element\">\n\t\t\t\tSobre n\u00f3s\t\t\t\t<\/span>\n\t\t\t\t\t\t<\/span>\n\t\t<\/div>\n\t\t\t\t\t\t<\/div>\n\t\t\t\t<\/div>\n\t\t\t\t\t<\/div>\n\t\t<\/div>\n\t\t\t\t\t<\/div>\n\t\t<\/section>\n\t\t<div class=\"elementor-element elementor-element-4c96e970 e-flex e-con-boxed wpr-particle-no wpr-jarallax-no wpr-parallax-no wpr-sticky-section-no e-con e-parent\" data-id=\"4c96e970\" data-element_type=\"container\" data-settings=\"{&quot;background_background&quot;:&quot;classic&quot;}\">\n\t\t\t\t\t<div class=\"e-con-inner\">\n\t\t<div class=\"elementor-element elementor-element-a636cd9 e-con-full e-flex wpr-particle-no wpr-jarallax-no wpr-parallax-no wpr-sticky-section-no e-con e-child\" data-id=\"a636cd9\" data-element_type=\"container\">\n\t\t<div class=\"elementor-element elementor-element-63e7d3de e-con-full e-flex wpr-particle-no wpr-jarallax-no wpr-parallax-no wpr-sticky-section-no e-con e-child\" data-id=\"63e7d3de\" data-element_type=\"container\">\n\t\t\t\t<div class=\"elementor-element elementor-element-64cafd6a elementor-position-top elementor-widget elementor-widget-image-box\" data-id=\"64cafd6a\" data-element_type=\"widget\" data-widget_type=\"image-box.default\">\n\t\t\t\t<div class=\"elementor-widget-container\">\n\t\t\t\t\t<div class=\"elementor-image-box-wrapper\"><figure class=\"elementor-image-box-img\"><img fetchpriority=\"high\" decoding=\"async\" width=\"1080\" height=\"1080\" src=\"https:\/\/letshelpukraine.ch\/wp-content\/uploads\/2024\/10\/Design-sem-nome-16.webp\" class=\"attachment-full size-full wp-image-410\" alt=\"\" srcset=\"https:\/\/letshelpukraine.ch\/wp-content\/uploads\/2024\/10\/Design-sem-nome-16.webp 1080w, https:\/\/letshelpukraine.ch\/wp-content\/uploads\/2024\/10\/Design-sem-nome-16-300x300.webp 300w, https:\/\/letshelpukraine.ch\/wp-content\/uploads\/2024\/10\/Design-sem-nome-16-1024x1024.webp 1024w, https:\/\/letshelpukraine.ch\/wp-content\/uploads\/2024\/10\/Design-sem-nome-16-150x150.webp 150w, https:\/\/letshelpukraine.ch\/wp-content\/uploads\/2024\/10\/Design-sem-nome-16-768x768.webp 768w\" sizes=\"(max-width: 1080px) 100vw, 1080px\" \/><\/figure><\/div>\t\t\t\t<\/div>\n\t\t\t\t<\/div>\n\t\t\t\t<\/div>\n\t\t<div class=\"elementor-element elementor-element-5b8d89e3 e-con-full e-flex wpr-particle-no wpr-jarallax-no wpr-parallax-no wpr-sticky-section-no e-con e-child\" data-id=\"5b8d89e3\" data-element_type=\"container\">\n\t\t\t\t<div class=\"elementor-element elementor-element-1f2d2e7 elementor-position-top elementor-widget elementor-widget-image-box\" data-id=\"1f2d2e7\" data-element_type=\"widget\" data-widget_type=\"image-box.default\">\n\t\t\t\t<div class=\"elementor-widget-container\">\n\t\t\t\t\t<div class=\"elementor-image-box-wrapper\"><figure class=\"elementor-image-box-img\"><img decoding=\"async\" width=\"734\" height=\"698\" src=\"https:\/\/letshelpukraine.ch\/wp-content\/uploads\/2024\/08\/cropped-LOGOLETS-1.2-117x111.png\" class=\"attachment-full size-full wp-image-65\" alt=\"\" srcset=\"https:\/\/letshelpukraine.ch\/wp-content\/uploads\/2024\/08\/cropped-LOGOLETS-1.2.png 734w, https:\/\/letshelpukraine.ch\/wp-content\/uploads\/2024\/08\/cropped-LOGOLETS-1.2-300x285.png 300w, https:\/\/letshelpukraine.ch\/wp-content\/uploads\/2024\/08\/cropped-LOGOLETS-1.2-117x111.png 117w\" sizes=\"(max-width: 734px) 100vw, 734px\" \/><\/figure><\/div>\t\t\t\t<\/div>\n\t\t\t\t<\/div>\n\t\t\t\t<\/div>\n\t\t<div class=\"elementor-element elementor-element-6d04b32f e-con-full e-flex wpr-particle-no wpr-jarallax-no wpr-parallax-no wpr-sticky-section-no e-con e-child\" data-id=\"6d04b32f\" data-element_type=\"container\">\n\t\t\t\t<div class=\"elementor-element elementor-element-7eb65349 elementor-position-top elementor-widget elementor-widget-image-box\" data-id=\"7eb65349\" data-element_type=\"widget\" data-widget_type=\"image-box.default\">\n\t\t\t\t<div class=\"elementor-widget-container\">\n\t\t\t\t\t<div class=\"elementor-image-box-wrapper\"><figure class=\"elementor-image-box-img\"><img decoding=\"async\" width=\"1080\" height=\"1080\" src=\"https:\/\/letshelpukraine.ch\/wp-content\/uploads\/2024\/10\/Design-sem-nome-17.webp\" class=\"attachment-full size-full wp-image-409\" alt=\"\" srcset=\"https:\/\/letshelpukraine.ch\/wp-content\/uploads\/2024\/10\/Design-sem-nome-17.webp 1080w, https:\/\/letshelpukraine.ch\/wp-content\/uploads\/2024\/10\/Design-sem-nome-17-300x300.webp 300w, https:\/\/letshelpukraine.ch\/wp-content\/uploads\/2024\/10\/Design-sem-nome-17-1024x1024.webp 1024w, https:\/\/letshelpukraine.ch\/wp-content\/uploads\/2024\/10\/Design-sem-nome-17-150x150.webp 150w, https:\/\/letshelpukraine.ch\/wp-content\/uploads\/2024\/10\/Design-sem-nome-17-768x768.webp 768w\" sizes=\"(max-width: 1080px) 100vw, 1080px\" \/><\/figure><\/div>\t\t\t\t<\/div>\n\t\t\t\t<\/div>\n\t\t\t\t<\/div>\n\t\t\t\t<\/div>\n\t\t\t\t\t<\/div>\n\t\t\t\t<\/div>\n\t\t<div class=\"elementor-element elementor-element-c4eae4d e-con-full e-flex wpr-particle-no wpr-jarallax-no wpr-parallax-no wpr-sticky-section-no e-con e-parent\" data-id=\"c4eae4d\" data-element_type=\"container\">\n\t\t\t\t<div class=\"elementor-element elementor-element-0bdc868 elementor-widget elementor-widget-text-editor\" data-id=\"0bdc868\" data-element_type=\"widget\" data-widget_type=\"text-editor.default\">\n\t\t\t\t<div class=\"elementor-widget-container\">\n\t\t\t\t\t\t\t\t\t<p class=\"translation-block\"><strong><em>Let\u2019s Help Ukraine<\/em><\/strong> \u00e9 uma organiza\u00e7\u00e3o humanit\u00e1ria fundada em mar\u00e7o de 2022 por Silvana Lopes e Nuno Gomes, um casal brasileiro-portugu\u00eas residente na Su\u00ed\u00e7a. A associa\u00e7\u00e3o nasceu de um ato de compaix\u00e3o em resposta \u00e0 trag\u00e9dia da guerra na Ucr\u00e2nia. Profundamente comovidos pelas imagens de uma crian\u00e7a fugindo da guerra, o casal decidiu agir e oferecer al\u00edvio \u00e0s popula\u00e7\u00f5es mais vulner\u00e1veis.<\/p><p class=\"translation-block\">O que come\u00e7ou como uma \u00fanica miss\u00e3o rapidamente se transformou em uma opera\u00e7\u00e3o cont\u00ednua. Com o apoio de amigos e uma rede crescente de doadores nacionais e internacionais, <em>Let\u2019s Help Ukraine<\/em> realiza miss\u00f5es mensais para entregar alimentos, rem\u00e9dios, roupas e outros itens essenciais diretamente nas m\u00e3os de crian\u00e7as, mulheres e idosos que enfrentam os horrores da guerra. Nossas miss\u00f5es alcan\u00e7am orfanatos, vilas bombardeadas, hospitais infantis e hospitais militares em algumas das regi\u00f5es mais atingidas da Ucr\u00e2nia.<\/p><p class=\"translation-block\">Nossa miss\u00e3o \u00e9 clara: <strong>aliviar o sofrimento e levar esperan\u00e7a<\/strong> aos mais necessitados. Trabalhamos diretamente no local, entregando suprimentos vitais para \u00e1reas de dif\u00edcil acesso em circunst\u00e2ncias perigosas, sempre com o compromisso de garantir que cada doa\u00e7\u00e3o chegue aos destinat\u00e1rios pretendidos.<\/p>\t\t\t\t\t\t\t\t<\/div>\n\t\t\t\t<\/div>\n\t\t\t\t<\/div>\n\t\t<div class=\"elementor-element elementor-element-58891c99 e-flex e-con-boxed wpr-particle-no wpr-jarallax-no wpr-parallax-no wpr-sticky-section-no e-con e-parent\" data-id=\"58891c99\" data-element_type=\"container\" data-settings=\"{&quot;background_background&quot;:&quot;classic&quot;}\">\n\t\t\t\t\t<div class=\"e-con-inner\">\n\t\t\t\t<div class=\"elementor-element elementor-element-19a2da86 elementor-widget__width-initial elementor-widget-mobile__width-initial elementor-widget elementor-widget-image\" data-id=\"19a2da86\" data-element_type=\"widget\" data-widget_type=\"image.default\">\n\t\t\t\t<div class=\"elementor-widget-container\">\n\t\t\t\t\t\t\t\t\t\t\t\t\t\t\t<img loading=\"lazy\" decoding=\"async\" width=\"768\" height=\"1004\" src=\"https:\/\/letshelpukraine.ch\/wp-content\/uploads\/2024\/10\/Imagem-do-WhatsApp-de-2024-10-02-as-22.19.05_9a46f5b9-768x1004.webp\" class=\"attachment-medium_large size-medium_large wp-image-427\" alt=\"\" srcset=\"https:\/\/letshelpukraine.ch\/wp-content\/uploads\/2024\/10\/Imagem-do-WhatsApp-de-2024-10-02-as-22.19.05_9a46f5b9-768x1004.webp 768w, https:\/\/letshelpukraine.ch\/wp-content\/uploads\/2024\/10\/Imagem-do-WhatsApp-de-2024-10-02-as-22.19.05_9a46f5b9-229x300.webp 229w, https:\/\/letshelpukraine.ch\/wp-content\/uploads\/2024\/10\/Imagem-do-WhatsApp-de-2024-10-02-as-22.19.05_9a46f5b9-783x1024.webp 783w, https:\/\/letshelpukraine.ch\/wp-content\/uploads\/2024\/10\/Imagem-do-WhatsApp-de-2024-10-02-as-22.19.05_9a46f5b9.webp 1080w\" sizes=\"(max-width: 768px) 100vw, 768px\" \/>\t\t\t\t\t\t\t\t\t\t\t\t\t\t\t<\/div>\n\t\t\t\t<\/div>\n\t\t<div class=\"elementor-element elementor-element-863a248 e-con-full e-flex wpr-particle-no wpr-jarallax-no wpr-parallax-no wpr-sticky-section-no e-con e-child\" data-id=\"863a248\" data-element_type=\"container\">\n\t\t\t\t<div class=\"elementor-element elementor-element-4637e6bf animated-slow elementor-invisible elementor-widget elementor-widget-heading\" data-id=\"4637e6bf\" data-element_type=\"widget\" data-settings=\"{&quot;_animation&quot;:&quot;slideInUp&quot;}\" data-widget_type=\"heading.default\">\n\t\t\t\t<div class=\"elementor-widget-container\">\n\t\t\t\t\t<h2 class=\"elementor-heading-title elementor-size-default\">VIS\u00c3O<\/h2>\t\t\t\t<\/div>\n\t\t\t\t<\/div>\n\t\t\t\t<div class=\"elementor-element elementor-element-779e6a88 elementor-widget elementor-widget-text-editor\" data-id=\"779e6a88\" data-element_type=\"widget\" data-widget_type=\"text-editor.default\">\n\t\t\t\t<div class=\"elementor-widget-container\">\n\t\t\t\t\t\t\t\t\t<p>Acreditamos que, mesmo em tempos de conflito, a solidariedade pode transformar vidas. Nossa vis\u00e3o \u00e9 criar um impacto duradouro nas comunidades afetadas pela guerra, fornecendo os recursos necess\u00e1rios para que as pessoas sobrevivam e, eventualmente, reconstruam suas vidas.<\/p>\t\t\t\t\t\t\t\t<\/div>\n\t\t\t\t<\/div>\n\t\t\t\t<\/div>\n\t\t\t\t\t<\/div>\n\t\t\t\t<\/div>\n\t\t<div class=\"elementor-element elementor-element-e7ed672 e-flex e-con-boxed wpr-particle-no wpr-jarallax-no wpr-parallax-no wpr-sticky-section-no e-con e-parent\" data-id=\"e7ed672\" data-element_type=\"container\" data-settings=\"{&quot;background_background&quot;:&quot;classic&quot;}\">\n\t\t\t\t\t<div class=\"e-con-inner\">\n\t\t<div class=\"elementor-element elementor-element-92ac374 e-con-full e-flex wpr-particle-no wpr-jarallax-no wpr-parallax-no wpr-sticky-section-no e-con e-child\" data-id=\"92ac374\" data-element_type=\"container\">\n\t\t\t\t<div class=\"elementor-element elementor-element-97c34ba animated-slow elementor-invisible elementor-widget elementor-widget-heading\" data-id=\"97c34ba\" data-element_type=\"widget\" data-settings=\"{&quot;_animation&quot;:&quot;slideInUp&quot;}\" data-widget_type=\"heading.default\">\n\t\t\t\t<div class=\"elementor-widget-container\">\n\t\t\t\t\t<h2 class=\"elementor-heading-title elementor-size-default\">VALORES<\/h2>\t\t\t\t<\/div>\n\t\t\t\t<\/div>\n\t\t\t\t<div class=\"elementor-element elementor-element-dff2ddb elementor-widget elementor-widget-text-editor\" data-id=\"dff2ddb\" data-element_type=\"widget\" data-widget_type=\"text-editor.default\">\n\t\t\t\t<div class=\"elementor-widget-container\">\n\t\t\t\t\t\t\t\t\t<ul><li class=\"translation-block\"><strong>Solidariedade<\/strong>: Estamos aqui para ajudar, independentemente de fronteiras ou nacionalidades.<\/li><li class=\"translation-block\"><strong>Transpar\u00eancia<\/strong>: Garantimos que cada doa\u00e7\u00e3o seja usada de forma eficiente e respons\u00e1vel.<\/li><li class=\"translation-block\"><strong>Respeito<\/strong>: Tratamos cada pessoa com dignidade, valorizando suas hist\u00f3rias e necessidades.<\/li><li class=\"translation-block\"><strong>Empatia<\/strong>: Somos movidos pelo desejo de oferecer al\u00edvio e esperan\u00e7a \u00e0queles que mais precisam.<\/li><\/ul>\t\t\t\t\t\t\t\t<\/div>\n\t\t\t\t<\/div>\n\t\t\t\t<\/div>\n\t\t\t\t<div class=\"elementor-element elementor-element-d261b07 elementor-widget__width-initial elementor-widget-mobile__width-initial elementor-widget elementor-widget-image\" data-id=\"d261b07\" data-element_type=\"widget\" data-widget_type=\"image.default\">\n\t\t\t\t<div class=\"elementor-widget-container\">\n\t\t\t\t\t\t\t\t\t\t\t\t\t\t\t<img loading=\"lazy\" decoding=\"async\" width=\"768\" height=\"1024\" src=\"https:\/\/letshelpukraine.ch\/wp-content\/uploads\/2024\/10\/Imagem-do-WhatsApp-de-2024-10-02-as-22.19.05_66a38f9d-768x1024.webp\" class=\"attachment-medium_large size-medium_large wp-image-440\" alt=\"\" srcset=\"https:\/\/letshelpukraine.ch\/wp-content\/uploads\/2024\/10\/Imagem-do-WhatsApp-de-2024-10-02-as-22.19.05_66a38f9d-768x1024.webp 768w, https:\/\/letshelpukraine.ch\/wp-content\/uploads\/2024\/10\/Imagem-do-WhatsApp-de-2024-10-02-as-22.19.05_66a38f9d-225x300.webp 225w, https:\/\/letshelpukraine.ch\/wp-content\/uploads\/2024\/10\/Imagem-do-WhatsApp-de-2024-10-02-as-22.19.05_66a38f9d-1152x1536.webp 1152w, https:\/\/letshelpukraine.ch\/wp-content\/uploads\/2024\/10\/Imagem-do-WhatsApp-de-2024-10-02-as-22.19.05_66a38f9d.webp 1200w\" sizes=\"(max-width: 768px) 100vw, 768px\" \/>\t\t\t\t\t\t\t\t\t\t\t\t\t\t\t<\/div>\n\t\t\t\t<\/div>\n\t\t\t\t\t<\/div>\n\t\t\t\t<\/div>\n\t\t<div class=\"elementor-element elementor-element-655a944 e-flex e-con-boxed wpr-particle-no wpr-jarallax-no wpr-parallax-no wpr-sticky-section-no e-con e-parent\" data-id=\"655a944\" data-element_type=\"container\" data-settings=\"{&quot;background_background&quot;:&quot;classic&quot;}\">\n\t\t\t\t\t<div class=\"e-con-inner\">\n\t\t<div class=\"elementor-element elementor-element-98d725d e-con-full e-flex wpr-particle-no wpr-jarallax-no wpr-parallax-no wpr-sticky-section-no e-con e-child\" data-id=\"98d725d\" data-element_type=\"container\">\n\t\t\t\t<div class=\"elementor-element elementor-element-3f1bd5b animated-slow elementor-invisible elementor-widget elementor-widget-heading\" data-id=\"3f1bd5b\" data-element_type=\"widget\" data-settings=\"{&quot;_animation&quot;:&quot;slideInUp&quot;}\" data-widget_type=\"heading.default\">\n\t\t\t\t<div class=\"elementor-widget-container\">\n\t\t\t\t\t<h2 class=\"elementor-heading-title elementor-size-default\">O QUE N\u00d3S FAZEMOS<\/h2>\t\t\t\t<\/div>\n\t\t\t\t<\/div>\n\t\t\t\t<div class=\"elementor-element elementor-element-ff1cf0b elementor-widget elementor-widget-text-editor\" data-id=\"ff1cf0b\" data-element_type=\"widget\" data-widget_type=\"text-editor.default\">\n\t\t\t\t<div class=\"elementor-widget-container\">\n\t\t\t\t\t\t\t\t\t<p>Nossa associa\u00e7\u00e3o \u00e9 apoiada por doa\u00e7\u00f5es e parcerias estrat\u00e9gicas, que nos permitem realizar miss\u00f5es regulares e entregar bens essenciais, como alimentos, rem\u00e9dios e produtos de higiene. Tamb\u00e9m apoiamos tratamentos m\u00e9dicos, particularmente para idosos e pacientes com c\u00e2ncer que est\u00e3o enfrentando dificuldades extremas.<\/p><p class=\"translation-block\"><em>A Let\u2019s Help Ukraine<\/em> continua a crescer gra\u00e7as \u00e0 dedica\u00e7\u00e3o de doadores, volunt\u00e1rios e parceiros. Juntos, estamos construindo um futuro melhor para a Ucr\u00e2nia, um ato de solidariedade de cada vez.<\/p>\t\t\t\t\t\t\t\t<\/div>\n\t\t\t\t<\/div>\n\t\t\t\t<\/div>\n\t\t\t\t\t<\/div>\n\t\t\t\t<\/div>\n\t\t<div class=\"elementor-element elementor-element-656f375 e-flex e-con-boxed wpr-particle-no wpr-jarallax-no wpr-parallax-no wpr-sticky-section-no e-con e-parent\" data-id=\"656f375\" data-element_type=\"container\">\n\t\t\t\t\t<div class=\"e-con-inner\">\n\t\t\t\t<div class=\"elementor-element elementor-element-f2402bc elementor-widget elementor-widget-image\" data-id=\"f2402bc\" data-element_type=\"widget\" data-widget_type=\"image.default\">\n\t\t\t\t<div class=\"elementor-widget-container\">\n\t\t\t\t\t\t\t\t\t\t\t\t\t\t\t<img loading=\"lazy\" decoding=\"async\" width=\"847\" height=\"603\" src=\"https:\/\/letshelpukraine.ch\/wp-content\/uploads\/2025\/03\/CertificadoNuno.png\" class=\"attachment-large size-large wp-image-941\" alt=\"\" srcset=\"https:\/\/letshelpukraine.ch\/wp-content\/uploads\/2025\/03\/CertificadoNuno.png 847w, https:\/\/letshelpukraine.ch\/wp-content\/uploads\/2025\/03\/CertificadoNuno-300x214.png 300w, https:\/\/letshelpukraine.ch\/wp-content\/uploads\/2025\/03\/CertificadoNuno-768x547.png 768w, https:\/\/letshelpukraine.ch\/wp-content\/uploads\/2025\/03\/CertificadoNuno-18x12.png 18w, https:\/\/letshelpukraine.ch\/wp-content\/uploads\/2025\/03\/CertificadoNuno-600x427.png 600w\" sizes=\"(max-width: 847px) 100vw, 847px\" \/>\t\t\t\t\t\t\t\t\t\t\t\t\t\t\t<\/div>\n\t\t\t\t<\/div>\n\t\t\t\t<div class=\"elementor-element elementor-element-8cd3873 elementor-widget elementor-widget-image\" data-id=\"8cd3873\" data-element_type=\"widget\" data-widget_type=\"image.default\">\n\t\t\t\t<div class=\"elementor-widget-container\">\n\t\t\t\t\t\t\t\t\t\t\t\t\t\t\t<img loading=\"lazy\" decoding=\"async\" width=\"902\" height=\"634\" src=\"https:\/\/letshelpukraine.ch\/wp-content\/uploads\/2025\/03\/CertificadoSilvana1.png\" class=\"attachment-large size-large wp-image-947\" alt=\"\" srcset=\"https:\/\/letshelpukraine.ch\/wp-content\/uploads\/2025\/03\/CertificadoSilvana1.png 902w, https:\/\/letshelpukraine.ch\/wp-content\/uploads\/2025\/03\/CertificadoSilvana1-300x211.png 300w, https:\/\/letshelpukraine.ch\/wp-content\/uploads\/2025\/03\/CertificadoSilvana1-768x540.png 768w, https:\/\/letshelpukraine.ch\/wp-content\/uploads\/2025\/03\/CertificadoSilvana1-18x12.png 18w, https:\/\/letshelpukraine.ch\/wp-content\/uploads\/2025\/03\/CertificadoSilvana1-600x422.png 600w\" sizes=\"(max-width: 902px) 100vw, 902px\" \/>\t\t\t\t\t\t\t\t\t\t\t\t\t\t\t<\/div>\n\t\t\t\t<\/div>\n\t\t\t\t\t<\/div>\n\t\t\t\t<\/div>\n\t\t<div class=\"elementor-element elementor-element-8111750 e-flex e-con-boxed wpr-particle-no wpr-jarallax-no wpr-parallax-no wpr-sticky-section-no e-con e-parent\" data-id=\"8111750\" data-element_type=\"container\">\n\t\t\t\t\t<div class=\"e-con-inner\">\n\t\t\t\t<div class=\"elementor-element elementor-element-3ca52d9 elementor-widget elementor-widget-image\" data-id=\"3ca52d9\" data-element_type=\"widget\" data-widget_type=\"image.default\">\n\t\t\t\t<div class=\"elementor-widget-container\">\n\t\t\t\t\t\t\t\t\t\t\t\t\t\t\t<img loading=\"lazy\" decoding=\"async\" width=\"529\" height=\"749\" src=\"https:\/\/letshelpukraine.ch\/wp-content\/uploads\/2025\/03\/CertificadoSilvana2.png\" class=\"attachment-large size-large wp-image-949\" alt=\"\" srcset=\"https:\/\/letshelpukraine.ch\/wp-content\/uploads\/2025\/03\/CertificadoSilvana2.png 529w, https:\/\/letshelpukraine.ch\/wp-content\/uploads\/2025\/03\/CertificadoSilvana2-212x300.png 212w, https:\/\/letshelpukraine.ch\/wp-content\/uploads\/2025\/03\/CertificadoSilvana2-8x12.png 8w\" sizes=\"(max-width: 529px) 100vw, 529px\" \/>\t\t\t\t\t\t\t\t\t\t\t\t\t\t\t<\/div>\n\t\t\t\t<\/div>\n\t\t\t\t<div class=\"elementor-element elementor-element-46e245f elementor-widget elementor-widget-image\" data-id=\"46e245f\" data-element_type=\"widget\" data-widget_type=\"image.default\">\n\t\t\t\t<div class=\"elementor-widget-container\">\n\t\t\t\t\t\t\t\t\t\t\t\t\t\t\t<img loading=\"lazy\" decoding=\"async\" width=\"527\" height=\"750\" src=\"https:\/\/letshelpukraine.ch\/wp-content\/uploads\/2025\/03\/CertificadoNuno2.png\" class=\"attachment-large size-large wp-image-950\" alt=\"\" srcset=\"https:\/\/letshelpukraine.ch\/wp-content\/uploads\/2025\/03\/CertificadoNuno2.png 527w, https:\/\/letshelpukraine.ch\/wp-content\/uploads\/2025\/03\/CertificadoNuno2-211x300.png 211w, https:\/\/letshelpukraine.ch\/wp-content\/uploads\/2025\/03\/CertificadoNuno2-8x12.png 8w\" sizes=\"(max-width: 527px) 100vw, 527px\" \/>\t\t\t\t\t\t\t\t\t\t\t\t\t\t\t<\/div>\n\t\t\t\t<\/div>\n\t\t\t\t\t<\/div>\n\t\t\t\t<\/div>\n\t\t\t\t<\/div>","protected":false},"excerpt":{"rendered":"<p>About Us Let&#8217;s Help Ukraine is a humanitarian organization founded in March 2022 by Silvana Lopes and Nuno Gomes, a Brazilian-Portuguese couple residing in Switzerland. The association was born out of an act of compassion in response to the tragedy of the war in Ukraine. Deeply moved by images of a child fleeing the war, the couple decided to take action and offer relief to the most vulnerable populations. What started as a single mission quickly transformed into an ongoing operation. With the support of friends and a growing network of both national and international donors, Let&#8217;s Help Ukraine carries out monthly missions to deliver food, medicine, clothing, and other essential items directly to the hands of children, women, and the elderly facing the horrors of war. Our missions reach orphanages, bombed villages, children\u2019s hospitals, and military hospitals in some of the hardest-hit regions of Ukraine. Our mission is clear: to alleviate suffering and bring hope to those in greatest need. We work directly on the ground, delivering vital supplies to hard-to-reach areas under dangerous circumstances, always with the commitment to ensuring that every donation reaches its intended recipients. vision We believe that even in times of conflict, solidarity can transform lives. Our vision is to create a lasting impact in the communities affected by the war, providing the resources needed for people to survive and, eventually, rebuild their lives. values Solidarity: We are here to help, regardless of borders or nationalities. Transparency: We ensure that every donation is used efficiently and responsibly. Respect: We treat every person with dignity, valuing their stories and needs. Empathy: We are driven by the desire to offer relief and hope to those who need it most. what we do Our association is supported by donations and strategic partnerships, which allow us to carry out regular missions and deliver essential goods such as food, medicine, and hygiene products. We also support medical treatments, particularly for the elderly and cancer patients who are facing extreme hardship. Let&#8217;s Help Ukraine continues to grow thanks to the dedication of donors, volunteers, and partners. Together, we are building a better future for Ukraine, one act of solidarity at a time.<\/p>","protected":false},"author":1,"featured_media":0,"parent":0,"menu_order":0,"comment_status":"closed","ping_status":"closed","template":"","meta":{"give_campaign_id":0,"site-sidebar-layout":"no-sidebar","site-content-layout":"","ast-site-content-layout":"full-width-container","site-content-style":"default","site-sidebar-style":"default","ast-global-header-display":"","ast-banner-title-visibility":"","ast-main-header-display":"","ast-hfb-above-header-display":"","ast-hfb-below-header-display":"","ast-hfb-mobile-header-display":"","site-post-title":"disabled","ast-breadcrumbs-content":"","ast-featured-img":"disabled","footer-sml-layout":"","theme-transparent-header-meta":"","adv-header-id-meta":"","stick-header-meta":"","header-above-stick-meta":"","header-main-stick-meta":"","header-below-stick-meta":"","astra-migrate-meta-layouts":"default","ast-page-background-enabled":"default","ast-page-background-meta":{"desktop":{"background-color":"var(--ast-global-color-4)","background-image":"","background-repeat":"repeat","background-position":"center center","background-size":"auto","background-attachment":"scroll","background-type":"","background-media":"","overlay-type":"","overlay-color":"","overlay-opacity":"","overlay-gradient":""},"tablet":{"background-color":"","background-image":"","background-repeat":"repeat","background-position":"center center","background-size":"auto","background-attachment":"scroll","background-type":"","background-media":"","overlay-type":"","overlay-color":"","overlay-opacity":"","overlay-gradient":""},"mobile":{"background-color":"","background-image":"","background-repeat":"repeat","background-position":"center center","background-size":"auto","background-attachment":"scroll","background-type":"","background-media":"","overlay-type":"","overlay-color":"","overlay-opacity":"","overlay-gradient":""}},"ast-content-background-meta":{"desktop":{"background-color":"var(--ast-global-color-5)","background-image":"","background-repeat":"repeat","background-position":"center center","background-size":"auto","background-attachment":"scroll","background-type":"","background-media":"","overlay-type":"","overlay-color":"","overlay-opacity":"","overlay-gradient":""},"tablet":{"background-color":"var(--ast-global-color-5)","background-image":"","background-repeat":"repeat","background-position":"center center","background-size":"auto","background-attachment":"scroll","background-type":"","background-media":"","overlay-type":"","overlay-color":"","overlay-opacity":"","overlay-gradient":""},"mobile":{"background-color":"var(--ast-global-color-5)","background-image":"","background-repeat":"repeat","background-position":"center center","background-size":"auto","background-attachment":"scroll","background-type":"","background-media":"","overlay-type":"","overlay-color":"","overlay-opacity":"","overlay-gradient":""}},"footnotes":""},"class_list":["post-318","page","type-page","status-publish","hentry"],"campaignId":"","_links":{"self":[{"href":"https:\/\/letshelpukraine.ch\/pt\/wp-json\/wp\/v2\/pages\/318"}],"collection":[{"href":"https:\/\/letshelpukraine.ch\/pt\/wp-json\/wp\/v2\/pages"}],"about":[{"href":"https:\/\/letshelpukraine.ch\/pt\/wp-json\/wp\/v2\/types\/page"}],"author":[{"embeddable":true,"href":"https:\/\/letshelpukraine.ch\/pt\/wp-json\/wp\/v2\/users\/1"}],"replies":[{"embeddable":true,"href":"https:\/\/letshelpukraine.ch\/pt\/wp-json\/wp\/v2\/comments?post=318"}],"version-history":[{"count":55,"href":"https:\/\/letshelpukraine.ch\/pt\/wp-json\/wp\/v2\/pages\/318\/revisions"}],"predecessor-version":[{"id":1207,"href":"https:\/\/letshelpukraine.ch\/pt\/wp-json\/wp\/v2\/pages\/318\/revisions\/1207"}],"wp:attachment":[{"href":"https:\/\/letshelpukraine.ch\/pt\/wp-json\/wp\/v2\/media?parent=318"}],"curies":[{"name":"wp","href":"https:\/\/api.w.org\/{rel}","templated":true}]}}