{"id":1176,"date":"2025-03-17T14:39:06","date_gmt":"2025-03-17T14:39:06","guid":{"rendered":"https:\/\/letshelpukraine.ch\/?page_id=1176"},"modified":"2025-03-17T15:44:41","modified_gmt":"2025-03-17T15:44:41","slug":"how-we-work","status":"publish","type":"page","link":"https:\/\/letshelpukraine.ch\/pt\/how-we-work\/","title":{"rendered":"Como n\u00f3s trabalhamos"},"content":{"rendered":"<div data-elementor-type=\"wp-page\" data-elementor-id=\"1176\" class=\"elementor elementor-1176\" data-elementor-post-type=\"page\">\n\t\t\t\t\t\t<section class=\"elementor-section elementor-top-section elementor-element elementor-element-323886ef elementor-section-boxed elementor-section-height-default elementor-section-height-default wpr-particle-no wpr-jarallax-no wpr-parallax-no wpr-sticky-section-no\" data-id=\"323886ef\" data-element_type=\"section\" data-settings=\"{&quot;background_background&quot;:&quot;classic&quot;}\">\n\t\t\t\t\t\t<div class=\"elementor-container elementor-column-gap-default\">\n\t\t\t\t\t<div class=\"elementor-column elementor-col-100 elementor-top-column elementor-element elementor-element-d989029\" data-id=\"d989029\" data-element_type=\"column\">\n\t\t\t<div class=\"elementor-widget-wrap elementor-element-populated\">\n\t\t\t\t\t\t<div class=\"elementor-element elementor-element-3395356c elementor-widget-divider--view-line_text elementor-widget-divider--element-align-center elementor-widget elementor-widget-divider\" data-id=\"3395356c\" data-element_type=\"widget\" data-widget_type=\"divider.default\">\n\t\t\t\t<div class=\"elementor-widget-container\">\n\t\t\t\t\t\t\t<div class=\"elementor-divider\">\n\t\t\t<span class=\"elementor-divider-separator\">\n\t\t\t\t\t\t\t<span class=\"elementor-divider__text elementor-divider__element\">\n\t\t\t\tComo N\u00f3s Trabalhamos\t\t\t\t<\/span>\n\t\t\t\t\t\t<\/span>\n\t\t<\/div>\n\t\t\t\t\t\t<\/div>\n\t\t\t\t<\/div>\n\t\t\t\t\t<\/div>\n\t\t<\/div>\n\t\t\t\t\t<\/div>\n\t\t<\/section>\n\t\t<div class=\"elementor-element elementor-element-4e8524a e-flex e-con-boxed wpr-particle-no wpr-jarallax-no wpr-parallax-no wpr-sticky-section-no e-con e-parent\" data-id=\"4e8524a\" data-element_type=\"container\">\n\t\t\t\t\t<div class=\"e-con-inner\">\n\t\t<div class=\"elementor-element elementor-element-f08f8a9 e-flex e-con-boxed wpr-particle-no wpr-jarallax-no wpr-parallax-no wpr-sticky-section-no e-con e-child\" data-id=\"f08f8a9\" data-element_type=\"container\">\n\t\t\t\t\t<div class=\"e-con-inner\">\n\t\t\t\t<div class=\"elementor-element elementor-element-7750ea5 elementor-widget elementor-widget-image\" data-id=\"7750ea5\" data-element_type=\"widget\" data-widget_type=\"image.default\">\n\t\t\t\t<div class=\"elementor-widget-container\">\n\t\t\t\t\t\t\t\t\t\t\t\t\t\t\t<img fetchpriority=\"high\" decoding=\"async\" width=\"1080\" height=\"1920\" src=\"https:\/\/letshelpukraine.ch\/wp-content\/uploads\/2025\/03\/Campaign52st-1.png\" class=\"attachment-full size-full wp-image-1181\" alt=\"\" srcset=\"https:\/\/letshelpukraine.ch\/wp-content\/uploads\/2025\/03\/Campaign52st-1.png 1080w, https:\/\/letshelpukraine.ch\/wp-content\/uploads\/2025\/03\/Campaign52st-1-169x300.png 169w, https:\/\/letshelpukraine.ch\/wp-content\/uploads\/2025\/03\/Campaign52st-1-576x1024.png 576w, https:\/\/letshelpukraine.ch\/wp-content\/uploads\/2025\/03\/Campaign52st-1-768x1365.png 768w, https:\/\/letshelpukraine.ch\/wp-content\/uploads\/2025\/03\/Campaign52st-1-864x1536.png 864w, https:\/\/letshelpukraine.ch\/wp-content\/uploads\/2025\/03\/Campaign52st-1-7x12.png 7w, https:\/\/letshelpukraine.ch\/wp-content\/uploads\/2025\/03\/Campaign52st-1-600x1067.png 600w\" sizes=\"(max-width: 1080px) 100vw, 1080px\" \/>\t\t\t\t\t\t\t\t\t\t\t\t\t\t\t<\/div>\n\t\t\t\t<\/div>\n\t\t\t\t\t<\/div>\n\t\t\t\t<\/div>\n\t\t<div class=\"elementor-element elementor-element-3fb96df e-flex e-con-boxed wpr-particle-no wpr-jarallax-no wpr-parallax-no wpr-sticky-section-no e-con e-child\" data-id=\"3fb96df\" data-element_type=\"container\">\n\t\t\t\t\t<div class=\"e-con-inner\">\n\t\t\t\t<div class=\"elementor-element elementor-element-a271dec elementor-widget elementor-widget-image\" data-id=\"a271dec\" data-element_type=\"widget\" data-widget_type=\"image.default\">\n\t\t\t\t<div class=\"elementor-widget-container\">\n\t\t\t\t\t\t\t\t\t\t\t\t\t\t\t<img decoding=\"async\" width=\"576\" height=\"1024\" src=\"https:\/\/letshelpukraine.ch\/wp-content\/uploads\/2025\/03\/Campaign52st-3.png\" class=\"attachment-large size-large wp-image-1179\" alt=\"\" srcset=\"https:\/\/letshelpukraine.ch\/wp-content\/uploads\/2025\/03\/Campaign52st-3.png 1080w, https:\/\/letshelpukraine.ch\/wp-content\/uploads\/2025\/03\/Campaign52st-3-169x300.png 169w, https:\/\/letshelpukraine.ch\/wp-content\/uploads\/2025\/03\/Campaign52st-3-576x1024.png 576w, https:\/\/letshelpukraine.ch\/wp-content\/uploads\/2025\/03\/Campaign52st-3-768x1365.png 768w, https:\/\/letshelpukraine.ch\/wp-content\/uploads\/2025\/03\/Campaign52st-3-864x1536.png 864w, https:\/\/letshelpukraine.ch\/wp-content\/uploads\/2025\/03\/Campaign52st-3-7x12.png 7w, https:\/\/letshelpukraine.ch\/wp-content\/uploads\/2025\/03\/Campaign52st-3-600x1067.png 600w\" sizes=\"(max-width: 576px) 100vw, 576px\" \/>\t\t\t\t\t\t\t\t\t\t\t\t\t\t\t<\/div>\n\t\t\t\t<\/div>\n\t\t\t\t\t<\/div>\n\t\t\t\t<\/div>\n\t\t\t\t\t<\/div>\n\t\t\t\t<\/div>\n\t\t<div class=\"elementor-element elementor-element-73355c73 e-con-full e-flex wpr-particle-no wpr-jarallax-no wpr-parallax-no wpr-sticky-section-no e-con e-parent\" data-id=\"73355c73\" data-element_type=\"container\">\n\t\t\t\t<div class=\"elementor-element elementor-element-6f58478 elementor-widget elementor-widget-text-editor\" data-id=\"6f58478\" data-element_type=\"widget\" data-widget_type=\"text-editor.default\">\n\t\t\t\t<div class=\"elementor-widget-container\">\n\t\t\t\t\t\t\t\t\t<h3 data-start=\"119\" data-end=\"145\"><strong data-start=\"123\" data-end=\"143\">Como N\u00f3s Trabalhamos<\/strong><\/h3><p data-start=\"147\" data-end=\"431\">Na <strong data-start=\"150\" data-end=\"172\">Let&#8217;s Help Ukraine<\/strong>, acreditamos que <strong data-start=\"190\" data-end=\"221\">a solidariedade n\u00e3o tem fronteiras<\/strong>. Desde mar\u00e7o de 2022, estamos comprometidos em fornecer <strong data-start=\"277\" data-end=\"318\">ajuda humanit\u00e1ria direta e eficaz<\/strong> \u00e0s pessoas mais afetadas pela guerra na Ucr\u00e2nia: <strong data-start=\"364\" data-end=\"428\">crian\u00e7as, idosos e fam\u00edlias que perderam tudo<\/strong>.<\/p><h4 data-start=\"433\" data-end=\"468\"><strong data-start=\"438\" data-end=\"466\">1. Identifica\u00e7\u00e3o das Necessidades<\/strong><\/h4><p data-start=\"469\" data-end=\"791\">Nossa miss\u00e3o come\u00e7a com a escuta ativa. Atrav\u00e9s do contato direto com comunidades locais, organiza\u00e7\u00f5es humanit\u00e1rias e volunt\u00e1rios no terreno, identificamos as necessidades mais urgentes. Desde alimentos e produtos de higiene at\u00e9 suprimentos m\u00e9dicos e roupas de inverno, garantimos que cada item arrecadado tenha um prop\u00f3sito real e imediato.<\/p><h4 data-start=\"793\" data-end=\"842\"><strong data-start=\"798\" data-end=\"840\">2. Arrecada\u00e7\u00e3o e Organiza\u00e7\u00e3o das Doa\u00e7\u00f5es<\/strong><\/h4><p data-start=\"843\" data-end=\"1164\">Com o apoio de patrocinadores e doadores incr\u00edveis, coletamos suprimentos essenciais por meio de campanhas de arrecada\u00e7\u00e3o, eventos solid\u00e1rios e parcerias com organiza\u00e7\u00f5es que acreditam na nossa causa. Cada item \u00e9 cuidadosamente separado, embalado e preparado para chegar ao destino nas melhores condi\u00e7\u00f5es poss\u00edveis.<\/p><h4 data-start=\"1166\" data-end=\"1205\"><strong data-start=\"1171\" data-end=\"1203\">3. Entrega Presencial da Ajuda<\/strong><\/h4><p data-start=\"1206\" data-end=\"1592\">Diferente das grandes organiza\u00e7\u00f5es <strong data-start=\"1271\" data-end=\"1312\">n\u00f3s mesmos transportamos e distribu\u00edmos a ajuda<\/strong>. <strong data-start=\"1314\" data-end=\"1390\">Todos os meses, nossa equipe viaja at\u00e9 a Ucr\u00e2nia em um \u00fanico ve\u00edculo<\/strong>, superando desafios log\u00edsticos e burocr\u00e1ticos para garantir que as doa\u00e7\u00f5es cheguem a quem mais precisa. Cada viagem \u00e9 uma miss\u00e3o de resili\u00eancia, levando esperan\u00e7a a quem enfrenta tempos dif\u00edceis.<\/p><h4 data-start=\"1594\" data-end=\"1628\"><strong data-start=\"1599\" data-end=\"1626\">4. Compromisso a Longo Prazo<\/strong><\/h4><p data-start=\"1629\" data-end=\"1806\">A ajuda humanit\u00e1ria vai al\u00e9m de uma \u00fanica doa\u00e7\u00e3o. Estamos comprometidos com <strong data-start=\"1697\" data-end=\"1744\">o apoio cont\u00ednuo e significativo<\/strong>, ajudando comunidades a se reerguerem ap\u00f3s a devasta\u00e7\u00e3o.<\/p><h4 data-start=\"1789\" data-end=\"1819\"><strong data-start=\"1794\" data-end=\"1817\">5. Como Voc\u00ea Pode Ajudar<\/strong><\/h4><p data-start=\"1820\" data-end=\"2163\">Nada disso seria poss\u00edvel sem a nossa comunidade de apoiadores. Voc\u00ea pode fazer parte desta miss\u00e3o ao:<br data-start=\"1923\" data-end=\"1926\" \/>\u2705 <strong data-start=\"1928\" data-end=\"1959\">Doar suprimentos essenciais<\/strong> (veja a lista de contribui\u00e7\u00e3o na imagem de topo da p\u00e1gina)<br data-start=\"2006\" data-end=\"2009\" \/>\u2705 <strong data-start=\"2011\" data-end=\"2037\">Fornecer ajuda monet\u00e1ria<\/strong><br data-start=\"2037\" data-end=\"2040\" \/>\u2705 <strong data-start=\"2042\" data-end=\"2063\">Patrocinar a viagem<\/strong><br data-start=\"2063\" data-end=\"2066\" \/>\u2705 <strong data-start=\"2068\" data-end=\"2111\">Divulgar e compartilhar nossa causa<\/strong><br data-start=\"2111\" data-end=\"2114\" \/>\u2705 <strong data-start=\"2116\" data-end=\"2161\">Ser volunt\u00e1rio e fazer a diferen\u00e7a<\/strong><\/p>\t\t\t\t\t\t\t\t<\/div>\n\t\t\t\t<\/div>\n\t\t\t\t<\/div>\n\t\t<div class=\"elementor-element elementor-element-bf2f4ea e-flex e-con-boxed wpr-particle-no wpr-jarallax-no wpr-parallax-no wpr-sticky-section-no e-con e-parent\" data-id=\"bf2f4ea\" data-element_type=\"container\">\n\t\t\t\t\t<div class=\"e-con-inner\">\n\t\t\t\t<div class=\"elementor-element elementor-element-509da46 elementor-widget elementor-widget-image\" data-id=\"509da46\" data-element_type=\"widget\" data-widget_type=\"image.default\">\n\t\t\t\t<div class=\"elementor-widget-container\">\n\t\t\t\t\t\t\t\t\t\t\t\t\t\t\t<img decoding=\"async\" width=\"1024\" height=\"576\" src=\"https:\/\/letshelpukraine.ch\/wp-content\/uploads\/2025\/03\/logophraseLetshelpukraine-1.webp\" class=\"attachment-large size-large wp-image-1185\" alt=\"\" srcset=\"https:\/\/letshelpukraine.ch\/wp-content\/uploads\/2025\/03\/logophraseLetshelpukraine-1.webp 1920w, https:\/\/letshelpukraine.ch\/wp-content\/uploads\/2025\/03\/logophraseLetshelpukraine-1-300x169.webp 300w, https:\/\/letshelpukraine.ch\/wp-content\/uploads\/2025\/03\/logophraseLetshelpukraine-1-1024x576.webp 1024w, https:\/\/letshelpukraine.ch\/wp-content\/uploads\/2025\/03\/logophraseLetshelpukraine-1-768x432.webp 768w, https:\/\/letshelpukraine.ch\/wp-content\/uploads\/2025\/03\/logophraseLetshelpukraine-1-1536x864.webp 1536w, https:\/\/letshelpukraine.ch\/wp-content\/uploads\/2025\/03\/logophraseLetshelpukraine-1-18x10.webp 18w, https:\/\/letshelpukraine.ch\/wp-content\/uploads\/2025\/03\/logophraseLetshelpukraine-1-600x338.webp 600w\" sizes=\"(max-width: 1024px) 100vw, 1024px\" \/>\t\t\t\t\t\t\t\t\t\t\t\t\t\t\t<\/div>\n\t\t\t\t<\/div>\n\t\t\t\t\t<\/div>\n\t\t\t\t<\/div>\n\t\t\t\t<\/div>","protected":false},"excerpt":{"rendered":"<p>How We Work How We Work At Let&#8217;s Help Ukraine, we believe that solidarity knows no borders. Since March 2022, we have been committed to providing direct and effective humanitarian aid to those most affected by the war in Ukraine: children, the elderly, and families who have lost everything. 1. Identifying the Needs Our mission starts with listening. Through direct contact with local communities, humanitarian organizations, and volunteers on the ground, we identify the most urgent needs. From food and hygiene products to medical supplies and winter clothing, we ensure that every item we collect serves a real and immediate purpose. 2. Collecting and Organizing Donations With the support of incredible sponsors and donors, we collect essential supplies through fundraising campaigns, donation drives, and partnerships with organizations that believe in our cause. Every item is sorted, packed, and prepared with care to ensure that it reaches its destination in the best possible condition. 3. Personally Delivering Aid Unlike large organizations, we don\u2019t just send aid\u2014we personally transport and distribute it ourselves. Every month, our team embarks on a humanitarian trip in a single vehicle, overcoming logistical and bureaucratic challenges to ensure that donations reach those who need them most. Each trip is a mission of resilience, carrying hope to people facing unimaginable hardship. 4. Long-Term Commitment Humanitarian aid goes beyond a single donation. We are committed to providing continuous and meaningful support, helping communities recover and rebuild after devastation 5. How You Can Help None of this would be possible without our community of supporters. You can be part of this mission by:\u2705 Donating essential supplies (see the contribution list in the image above)\u2705 Providing monetary aid\u2705 Sponsoring a trip\u2705 Raising awareness and sharing our cause\u2705 Volunteering to help us make a difference<\/p>","protected":false},"author":1,"featured_media":0,"parent":0,"menu_order":0,"comment_status":"closed","ping_status":"closed","template":"","meta":{"give_campaign_id":0,"site-sidebar-layout":"no-sidebar","site-content-layout":"","ast-site-content-layout":"full-width-container","site-content-style":"default","site-sidebar-style":"default","ast-global-header-display":"","ast-banner-title-visibility":"","ast-main-header-display":"","ast-hfb-above-header-display":"","ast-hfb-below-header-display":"","ast-hfb-mobile-header-display":"","site-post-title":"disabled","ast-breadcrumbs-content":"","ast-featured-img":"disabled","footer-sml-layout":"","theme-transparent-header-meta":"","adv-header-id-meta":"","stick-header-meta":"","header-above-stick-meta":"","header-main-stick-meta":"","header-below-stick-meta":"","astra-migrate-meta-layouts":"default","ast-page-background-enabled":"default","ast-page-background-meta":{"desktop":{"background-color":"var(--ast-global-color-4)","background-image":"","background-repeat":"repeat","background-position":"center center","background-size":"auto","background-attachment":"scroll","background-type":"","background-media":"","overlay-type":"","overlay-color":"","overlay-opacity":"","overlay-gradient":""},"tablet":{"background-color":"","background-image":"","background-repeat":"repeat","background-position":"center center","background-size":"auto","background-attachment":"scroll","background-type":"","background-media":"","overlay-type":"","overlay-color":"","overlay-opacity":"","overlay-gradient":""},"mobile":{"background-color":"","background-image":"","background-repeat":"repeat","background-position":"center center","background-size":"auto","background-attachment":"scroll","background-type":"","background-media":"","overlay-type":"","overlay-color":"","overlay-opacity":"","overlay-gradient":""}},"ast-content-background-meta":{"desktop":{"background-color":"var(--ast-global-color-5)","background-image":"","background-repeat":"repeat","background-position":"center center","background-size":"auto","background-attachment":"scroll","background-type":"","background-media":"","overlay-type":"","overlay-color":"","overlay-opacity":"","overlay-gradient":""},"tablet":{"background-color":"var(--ast-global-color-5)","background-image":"","background-repeat":"repeat","background-position":"center center","background-size":"auto","background-attachment":"scroll","background-type":"","background-media":"","overlay-type":"","overlay-color":"","overlay-opacity":"","overlay-gradient":""},"mobile":{"background-color":"var(--ast-global-color-5)","background-image":"","background-repeat":"repeat","background-position":"center center","background-size":"auto","background-attachment":"scroll","background-type":"","background-media":"","overlay-type":"","overlay-color":"","overlay-opacity":"","overlay-gradient":""}},"footnotes":""},"class_list":["post-1176","page","type-page","status-publish","hentry"],"campaignId":"","_links":{"self":[{"href":"https:\/\/letshelpukraine.ch\/pt\/wp-json\/wp\/v2\/pages\/1176"}],"collection":[{"href":"https:\/\/letshelpukraine.ch\/pt\/wp-json\/wp\/v2\/pages"}],"about":[{"href":"https:\/\/letshelpukraine.ch\/pt\/wp-json\/wp\/v2\/types\/page"}],"author":[{"embeddable":true,"href":"https:\/\/letshelpukraine.ch\/pt\/wp-json\/wp\/v2\/users\/1"}],"replies":[{"embeddable":true,"href":"https:\/\/letshelpukraine.ch\/pt\/wp-json\/wp\/v2\/comments?post=1176"}],"version-history":[{"count":16,"href":"https:\/\/letshelpukraine.ch\/pt\/wp-json\/wp\/v2\/pages\/1176\/revisions"}],"predecessor-version":[{"id":1204,"href":"https:\/\/letshelpukraine.ch\/pt\/wp-json\/wp\/v2\/pages\/1176\/revisions\/1204"}],"wp:attachment":[{"href":"https:\/\/letshelpukraine.ch\/pt\/wp-json\/wp\/v2\/media?parent=1176"}],"curies":[{"name":"wp","href":"https:\/\/api.w.org\/{rel}","templated":true}]}}