{"id":1073,"date":"2025-03-17T10:50:39","date_gmt":"2025-03-17T10:50:39","guid":{"rendered":"https:\/\/letshelpukraine.ch\/?page_id=1073"},"modified":"2025-03-17T14:28:29","modified_gmt":"2025-03-17T14:28:29","slug":"imprint","status":"publish","type":"page","link":"https:\/\/letshelpukraine.ch\/pt\/imprint\/","title":{"rendered":"Impress\u00e3o"},"content":{"rendered":"<div data-elementor-type=\"wp-page\" data-elementor-id=\"1073\" class=\"elementor elementor-1073\" data-elementor-post-type=\"page\">\n\t\t\t\t\t\t<section class=\"elementor-section elementor-top-section elementor-element elementor-element-412431ac elementor-section-boxed elementor-section-height-default elementor-section-height-default wpr-particle-no wpr-jarallax-no wpr-parallax-no wpr-sticky-section-no\" data-id=\"412431ac\" data-element_type=\"section\" data-settings=\"{&quot;background_background&quot;:&quot;classic&quot;}\">\n\t\t\t\t\t\t<div class=\"elementor-container elementor-column-gap-default\">\n\t\t\t\t\t<div class=\"elementor-column elementor-col-100 elementor-top-column elementor-element elementor-element-16fdce61\" data-id=\"16fdce61\" data-element_type=\"column\">\n\t\t\t<div class=\"elementor-widget-wrap elementor-element-populated\">\n\t\t\t\t\t\t<div class=\"elementor-element elementor-element-18f25144 elementor-widget-divider--view-line_text elementor-widget-divider--element-align-center elementor-widget elementor-widget-divider\" data-id=\"18f25144\" data-element_type=\"widget\" data-widget_type=\"divider.default\">\n\t\t\t\t<div class=\"elementor-widget-container\">\n\t\t\t\t\t\t\t<div class=\"elementor-divider\">\n\t\t\t<span class=\"elementor-divider-separator\">\n\t\t\t\t\t\t\t<span class=\"elementor-divider__text elementor-divider__element\">\n\t\t\t\tImpress\u00e3o\t\t\t\t<\/span>\n\t\t\t\t\t\t<\/span>\n\t\t<\/div>\n\t\t\t\t\t\t<\/div>\n\t\t\t\t<\/div>\n\t\t\t\t\t<\/div>\n\t\t<\/div>\n\t\t\t\t\t<\/div>\n\t\t<\/section>\n\t\t<div class=\"elementor-element elementor-element-d252ba0 e-flex e-con-boxed wpr-particle-no wpr-jarallax-no wpr-parallax-no wpr-sticky-section-no e-con e-parent\" data-id=\"d252ba0\" data-element_type=\"container\">\n\t\t\t\t\t<div class=\"e-con-inner\">\n\t\t\t\t<div class=\"elementor-element elementor-element-7eb6109 elementor-widget elementor-widget-image\" data-id=\"7eb6109\" data-element_type=\"widget\" data-widget_type=\"image.default\">\n\t\t\t\t<div class=\"elementor-widget-container\">\n\t\t\t\t\t\t\t\t\t\t\t\t\t\t\t<img fetchpriority=\"high\" decoding=\"async\" width=\"850\" height=\"610\" src=\"https:\/\/letshelpukraine.ch\/wp-content\/uploads\/2024\/08\/Design-sem-nome-13.png\" class=\"attachment-full size-full wp-image-67\" alt=\"\" srcset=\"https:\/\/letshelpukraine.ch\/wp-content\/uploads\/2024\/08\/Design-sem-nome-13.png 850w, https:\/\/letshelpukraine.ch\/wp-content\/uploads\/2024\/08\/Design-sem-nome-13-300x215.png 300w, https:\/\/letshelpukraine.ch\/wp-content\/uploads\/2024\/08\/Design-sem-nome-13-768x551.png 768w\" sizes=\"(max-width: 850px) 100vw, 850px\" \/>\t\t\t\t\t\t\t\t\t\t\t\t\t\t\t<\/div>\n\t\t\t\t<\/div>\n\t\t\t\t\t<\/div>\n\t\t\t\t<\/div>\n\t\t<div class=\"elementor-element elementor-element-3792a158 e-con-full e-flex wpr-particle-no wpr-jarallax-no wpr-parallax-no wpr-sticky-section-no e-con e-parent\" data-id=\"3792a158\" data-element_type=\"container\">\n\t\t\t\t<div class=\"elementor-element elementor-element-27c4dba elementor-widget elementor-widget-text-editor\" data-id=\"27c4dba\" data-element_type=\"widget\" data-widget_type=\"text-editor.default\">\n\t\t\t\t<div class=\"elementor-widget-container\">\n\t\t\t\t\t\t\t\t\t<h2 data-start=\"158\" data-end=\"184\"><strong data-start=\"161\" data-end=\"182\">Informa\u00e7\u00e3o Legal<\/strong><\/h2><p data-start=\"186\" data-end=\"570\"><strong data-start=\"186\" data-end=\"208\">Nome da associa\u00e7\u00e3o:<\/strong> Let\u2019s Help Ukraine<br data-start=\"227\" data-end=\"230\" \/><strong data-start=\"230\" data-end=\"245\">Forma jur\u00eddica:<\/strong> Non-Profit Association<br data-start=\"268\" data-end=\"271\" \/><strong data-start=\"271\" data-end=\"303\">N\u00famero de identifica\u00e7\u00e3o (UID):<\/strong> CHE-425.458.038<br data-start=\"319\" data-end=\"322\" \/><strong data-start=\"322\" data-end=\"334\">Endere\u00e7o:<\/strong> Hinterdorf 2A, 4324 Obermumpf, Switzerland<br data-start=\"377\" data-end=\"380\" \/><strong data-start=\"380\" data-end=\"390\">E-mail:<\/strong> <a rel=\"noopener\" data-start=\"391\" data-end=\"466\">silvana.gomes@letshelpukraine.ch<\/a><br data-start=\"466\" data-end=\"469\" \/><strong data-start=\"469\" data-end=\"479\">Telefone:<\/strong> +41 79 357 48 45 \/ +41 79 427 41 76<br data-start=\"496\" data-end=\"499\" \/><strong data-start=\"499\" data-end=\"511\">Website:<\/strong> <a href=\"https:\/\/letshelpukraine.ch\/pt\/\" target=\"_new\" rel=\"noopener\" data-start=\"512\" data-end=\"568\">https:\/\/letshelpukraine.ch<\/a><\/p><h3 data-start=\"596\" data-end=\"627\"><strong data-start=\"600\" data-end=\"625\">Representantes Legais<\/strong><\/h3><p data-start=\"628\" data-end=\"685\"><strong data-start=\"628\" data-end=\"651\">Silvana Lopes Gomes<\/strong><br data-start=\"651\" data-end=\"654\" \/><strong data-start=\"654\" data-end=\"683\">Nuno Miguel Cardoso Gomes<\/strong><\/p><hr data-start=\"687\" data-end=\"690\" \/><h2 data-start=\"692\" data-end=\"722\"><strong data-start=\"695\" data-end=\"720\">Responsabilidade pelo Conte\u00fado<\/strong><\/h2><p data-start=\"723\" data-end=\"911\">O conte\u00fado deste site foi criado com o m\u00e1ximo cuidado e \u00e9 atualizado regularmente. No entanto, n\u00e3o garantimos a precis\u00e3o, integridade ou atualidade das informa\u00e7\u00f5es apresentadas.<\/p><p data-start=\"913\" data-end=\"1257\">Como prestadores de servi\u00e7os, somos respons\u00e1veis pelo conte\u00fado pr\u00f3prio de acordo com as leis su\u00ed\u00e7as. No entanto, n\u00e3o somos obrigados a monitorar informa\u00e7\u00f5es de terceiros armazenadas ou transmitidas no site, nem a investigar circunst\u00e2ncias que indiquem atividades ilegais. Caso tomemos conhecimento de viola\u00e7\u00f5es legais, removeremos imediatamente o conte\u00fado em quest\u00e3o.<\/p><hr data-start=\"1259\" data-end=\"1262\" \/><h2 data-start=\"1264\" data-end=\"1301\"><strong data-start=\"1267\" data-end=\"1299\">Responsabilidade por Links Externos<\/strong><\/h2><p data-start=\"1302\" data-end=\"1591\">Nosso site pode conter links para sites externos operados por terceiros, sobre os quais n\u00e3o temos controle. Portanto, n\u00e3o assumimos qualquer responsabilidade pelo conte\u00fado desses sites externos. O operador ou provedor do site vinculado \u00e9 sempre o respons\u00e1vel pelo seu conte\u00fado.<\/p><p data-start=\"1593\" data-end=\"1905\">No momento da vincula\u00e7\u00e3o, os sites externos foram verificados para garantir que n\u00e3o continham conte\u00fados ilegais. No entanto, um monitoramento cont\u00ednuo dos links sem evid\u00eancias concretas de infra\u00e7\u00e3o n\u00e3o \u00e9 vi\u00e1vel. Se tomarmos conhecimento de alguma infra\u00e7\u00e3o, removeremos imediatamente os links afetados.<\/p><hr data-start=\"1907\" data-end=\"1910\" \/><h2 data-start=\"1912\" data-end=\"1963\"><strong data-start=\"1915\" data-end=\"1961\">Direitos Autorais e Propriedade Intelectual<\/strong><\/h2><p data-start=\"1964\" data-end=\"2211\">O conte\u00fado e as obras deste site est\u00e3o protegidos pelas leis de direitos autorais su\u00ed\u00e7as. Qualquer reprodu\u00e7\u00e3o, modifica\u00e7\u00e3o, distribui\u00e7\u00e3o ou outro uso fora dos limites da legisla\u00e7\u00e3o de direitos autorais requer a autoriza\u00e7\u00e3o pr\u00e9via e por escrito do respectivo autor ou criador.<\/p><p data-start=\"2213\" data-end=\"2552\">O download e a c\u00f3pia de conte\u00fados deste site s\u00e3o permitidos apenas para <strong data-start=\"2280\" data-end=\"2310\">uso privado e n\u00e3o comercial.<\/strong> Se algum conte\u00fado deste site n\u00e3o foi criado por n\u00f3s, respeitamos os direitos autorais de terceiros e fazemos a devida atribui\u00e7\u00e3o. Caso perceba alguma viola\u00e7\u00e3o de direitos autorais, entre em contato conosco, e removeremos o conte\u00fado imediatamente.<\/p><hr data-start=\"2554\" data-end=\"2557\" \/><h2 data-start=\"2559\" data-end=\"2583\"><strong data-start=\"2562\" data-end=\"2581\">Prote\u00e7\u00e3o de Dados<\/strong><\/h2><p data-start=\"2584\" data-end=\"2765\">O tratamento de dados pessoais dos visitantes segue as diretrizes da Lei Federal Su\u00ed\u00e7a de Prote\u00e7\u00e3o de Dados (<strong data-start=\"2681\" data-end=\"2688\">DSG<\/strong>) e, quando aplic\u00e1vel, o Regulamento Geral de Prote\u00e7\u00e3o de Dados (<strong data-start=\"2753\" data-end=\"2761\">GDPR<\/strong>).<\/p><p data-start=\"2767\" data-end=\"2826\">Para mais informa\u00e7\u00f5es, consulte nossa <strong data-start=\"2800\" data-end=\"2823\"><a href=\"https:\/\/letshelpukraine.ch\/pt\/data-privacy\/\" rel=\"noopener\" data-start=\"2802\" data-end=\"2821\">Pol\u00edtica de Privacidade<\/a><\/strong>.<\/p><hr data-start=\"2828\" data-end=\"2831\" \/><h2 data-start=\"2833\" data-end=\"2860\"><strong data-start=\"2836\" data-end=\"2858\">Resolu\u00e7\u00e3o de Disputas<\/strong><\/h2><p data-start=\"2861\" data-end=\"3008\">Embora <strong data-start=\"2874\" data-end=\"2891\">n\u00e3o sejamos obrigados<\/strong> a participar de processos formais de media\u00e7\u00e3o para consumidores, <strong data-start=\"2954\" data-end=\"2974\">estamos abertos ao di\u00e1logo<\/strong> para resolver qualquer problema diretamente.<\/p><p data-start=\"3010\" data-end=\"3132\">Para mais informa\u00e7\u00f5es, entre em contato pelo e-mail <strong data-start=\"3050\" data-end=\"3129\"><a href=\"mailto:silvana.gomes@letshelpukraine.ch\">silvana.gomes@letshelpukraine.ch<\/a><\/strong>.<\/p>\t\t\t\t\t\t\t\t<\/div>\n\t\t\t\t<\/div>\n\t\t\t\t<\/div>\n\t\t\t\t<\/div>","protected":false},"excerpt":{"rendered":"<p>Imprint Legal Information Organization Name: Let\u2019s Help UkraineLegal Form: Non-Profit AssociationIdentification Number (UID): CHE-425.458.038Address: Hinterdorf 2A, 4324 Obermumpf, SwitzerlandEmail: silvana.gomes@letshelpukraine.chPhone: +41 79 357 48 45 \/ +41 79 427 41 76Website: https:\/\/letshelpukraine.ch Legal Representatives Silvana Lopes GomesNuno Miguel Cardoso Gomes Liability for Content The content of this website has been created with great care and is regularly updated. However, we do not guarantee the accuracy, completeness, or timeliness of the information provided. As service providers, we are responsible for our own content in accordance with Swiss laws. However, we are not obliged to monitor third-party information stored or transmitted on our website or to investigate circumstances that indicate illegal activities. If we become aware of any legal violations, we will remove such content immediately. Liability for External Links Our website may contain links to external websites operated by third parties, over which we have no influence. Therefore, we assume no responsibility for the content of these external sites. The respective provider or operator of the linked sites is always responsible for their content. At the time of linking, the external websites were checked for possible legal violations and found to contain no illegal content. However, permanent monitoring of linked pages without concrete evidence of a violation is not feasible. If we become aware of any violations, we will remove such links immediately. Copyright and Intellectual Property Rights The content and works on this website are protected under Swiss copyright law. Any reproduction, modification, distribution, or other use outside the limits of copyright law requires the prior written consent of the respective author or creator. Downloading and copying content from this website is permitted for private and non-commercial use only. If any content on this site was not created by us, we respect the copyrights of third parties and appropriately credit them. If you notice any copyright infringement, please contact us, and we will remove the content immediately. Data Protection The processing of personal data of visitors complies with the Swiss Federal Data Protection Act (DSG) and, where applicable, the General Data Protection Regulation (GDPR). For more details, please see our Privacy Policy. Dispute Resolution While we are not obligated to participate in formal consumer mediation processes, we are open to dialogue to resolve any issues directly. For any inquiries, please contact us at silvana.gomes@letshelpukraine.ch.<\/p>","protected":false},"author":1,"featured_media":0,"parent":0,"menu_order":0,"comment_status":"closed","ping_status":"closed","template":"","meta":{"give_campaign_id":0,"site-sidebar-layout":"no-sidebar","site-content-layout":"","ast-site-content-layout":"full-width-container","site-content-style":"default","site-sidebar-style":"default","ast-global-header-display":"","ast-banner-title-visibility":"","ast-main-header-display":"","ast-hfb-above-header-display":"","ast-hfb-below-header-display":"","ast-hfb-mobile-header-display":"","site-post-title":"disabled","ast-breadcrumbs-content":"","ast-featured-img":"disabled","footer-sml-layout":"","theme-transparent-header-meta":"","adv-header-id-meta":"","stick-header-meta":"","header-above-stick-meta":"","header-main-stick-meta":"","header-below-stick-meta":"","astra-migrate-meta-layouts":"default","ast-page-background-enabled":"default","ast-page-background-meta":{"desktop":{"background-color":"var(--ast-global-color-4)","background-image":"","background-repeat":"repeat","background-position":"center center","background-size":"auto","background-attachment":"scroll","background-type":"","background-media":"","overlay-type":"","overlay-color":"","overlay-opacity":"","overlay-gradient":""},"tablet":{"background-color":"","background-image":"","background-repeat":"repeat","background-position":"center center","background-size":"auto","background-attachment":"scroll","background-type":"","background-media":"","overlay-type":"","overlay-color":"","overlay-opacity":"","overlay-gradient":""},"mobile":{"background-color":"","background-image":"","background-repeat":"repeat","background-position":"center center","background-size":"auto","background-attachment":"scroll","background-type":"","background-media":"","overlay-type":"","overlay-color":"","overlay-opacity":"","overlay-gradient":""}},"ast-content-background-meta":{"desktop":{"background-color":"var(--ast-global-color-5)","background-image":"","background-repeat":"repeat","background-position":"center center","background-size":"auto","background-attachment":"scroll","background-type":"","background-media":"","overlay-type":"","overlay-color":"","overlay-opacity":"","overlay-gradient":""},"tablet":{"background-color":"var(--ast-global-color-5)","background-image":"","background-repeat":"repeat","background-position":"center center","background-size":"auto","background-attachment":"scroll","background-type":"","background-media":"","overlay-type":"","overlay-color":"","overlay-opacity":"","overlay-gradient":""},"mobile":{"background-color":"var(--ast-global-color-5)","background-image":"","background-repeat":"repeat","background-position":"center center","background-size":"auto","background-attachment":"scroll","background-type":"","background-media":"","overlay-type":"","overlay-color":"","overlay-opacity":"","overlay-gradient":""}},"footnotes":""},"class_list":["post-1073","page","type-page","status-publish","hentry"],"campaignId":"","_links":{"self":[{"href":"https:\/\/letshelpukraine.ch\/pt\/wp-json\/wp\/v2\/pages\/1073"}],"collection":[{"href":"https:\/\/letshelpukraine.ch\/pt\/wp-json\/wp\/v2\/pages"}],"about":[{"href":"https:\/\/letshelpukraine.ch\/pt\/wp-json\/wp\/v2\/types\/page"}],"author":[{"embeddable":true,"href":"https:\/\/letshelpukraine.ch\/pt\/wp-json\/wp\/v2\/users\/1"}],"replies":[{"embeddable":true,"href":"https:\/\/letshelpukraine.ch\/pt\/wp-json\/wp\/v2\/comments?post=1073"}],"version-history":[{"count":71,"href":"https:\/\/letshelpukraine.ch\/pt\/wp-json\/wp\/v2\/pages\/1073\/revisions"}],"predecessor-version":[{"id":1175,"href":"https:\/\/letshelpukraine.ch\/pt\/wp-json\/wp\/v2\/pages\/1073\/revisions\/1175"}],"wp:attachment":[{"href":"https:\/\/letshelpukraine.ch\/pt\/wp-json\/wp\/v2\/media?parent=1073"}],"curies":[{"name":"wp","href":"https:\/\/api.w.org\/{rel}","templated":true}]}}